{"id":771,"date":"2015-02-26T06:58:15","date_gmt":"2015-02-26T06:58:15","guid":{"rendered":"https:\/\/www.oltarsh.com\/?page_id=771"},"modified":"2025-04-08T17:22:03","modified_gmt":"2025-04-08T17:22:03","slug":"pongase-en-contacto-con","status":"publish","type":"page","link":"https:\/\/www.oltarsh.com\/es\/contact\/","title":{"rendered":"P\u00f3ngase en contacto con"},"content":{"rendered":"","protected":false},"excerpt":{"rendered":"","protected":false},"author":1,"featured_media":0,"parent":0,"menu_order":0,"comment_status":"closed","ping_status":"open","template":"","meta":{"footnotes":""},"class_list":["post-771","page","type-page","status-publish","hentry"],"yoast_head":"<!-- This site is optimized with the Yoast SEO Premium plugin v27.5 (Yoast SEO v27.5) - https:\/\/yoast.com\/product\/yoast-seo-premium-wordpress\/ -->\n<title>Contact | Oltarsh &amp; Associates<\/title>\n<meta name=\"description\" content=\"Contact Oltarsh &amp; Associates, P.C. now at (212) 944-9420 for reliable legal support and guidance from our experienced immigration lawyers.\" \/>\n<meta name=\"robots\" content=\"index, follow, max-snippet:-1, max-image-preview:large, max-video-preview:-1\" \/>\n<link rel=\"canonical\" href=\"https:\/\/www.oltarsh.com\/es\/pongase-en-contacto-con\/\" \/>\n<meta property=\"og:locale\" content=\"es_ES\" \/>\n<meta property=\"og:type\" content=\"article\" \/>\n<meta property=\"og:title\" content=\"Contact\" \/>\n<meta property=\"og:url\" content=\"https:\/\/www.oltarsh.com\/es\/pongase-en-contacto-con\/\" \/>\n<meta property=\"og:site_name\" content=\"Oltarsh &amp; Associates\" \/>\n<meta property=\"article:publisher\" content=\"https:\/\/www.facebook.com\/Oltarsh\" \/>\n<meta property=\"article:modified_time\" content=\"2025-04-08T17:22:03+00:00\" \/>\n<meta property=\"og:image\" content=\"https:\/\/www.oltarsh.com\/wp-content\/uploads\/2024\/10\/Oltarsh-Associates-P.C.-Your-Trusted-Partner-in-EB-5-Investment.jpg?wsr\" \/>\n\t<meta property=\"og:image:width\" content=\"1500\" \/>\n\t<meta property=\"og:image:height\" content=\"841\" \/>\n\t<meta property=\"og:image:type\" content=\"image\/jpeg\" \/>\n<meta name=\"twitter:card\" content=\"summary_large_image\" \/>\n<meta name=\"twitter:label1\" content=\"Est. reading time\" \/>\n\t<meta name=\"twitter:data1\" content=\"1 minuto\" \/>\n<!-- \/ Yoast SEO Premium plugin. -->","yoast_head_json":{"title":"Contact | Oltarsh &amp; Associates","description":"P\u00f3ngase en contacto con Oltarsh &amp; Associates, P.C. ahora en el (212) 944-9420 para obtener apoyo legal fiable y orientaci\u00f3n de nuestros experimentados abogados de inmigraci\u00f3n.","robots":{"index":"index","follow":"follow","max-snippet":"max-snippet:-1","max-image-preview":"max-image-preview:large","max-video-preview":"max-video-preview:-1"},"canonical":"https:\/\/www.oltarsh.com\/es\/pongase-en-contacto-con\/","og_locale":"es_ES","og_type":"article","og_title":"Contact","og_url":"https:\/\/www.oltarsh.com\/es\/pongase-en-contacto-con\/","og_site_name":"Oltarsh &amp; Associates","article_publisher":"https:\/\/www.facebook.com\/Oltarsh","article_modified_time":"2025-04-08T17:22:03+00:00","og_image":[{"width":1500,"height":841,"url":"https:\/\/www.oltarsh.com\/wp-content\/uploads\/2024\/10\/Oltarsh-Associates-P.C.-Your-Trusted-Partner-in-EB-5-Investment.jpg?wsr","type":"image\/jpeg"}],"twitter_card":"summary_large_image","twitter_misc":{"Est. reading time":"1 minuto"},"schema":{"@context":"https:\/\/schema.org","@graph":[{"@type":"WebPage","@id":"https:\/\/www.oltarsh.com\/contact\/","url":"https:\/\/www.oltarsh.com\/contact\/","name":"Contact | Oltarsh &amp; Associates","isPartOf":{"@id":"https:\/\/www.oltarsh.com\/#website"},"datePublished":"2015-02-26T06:58:15+00:00","dateModified":"2025-04-08T17:22:03+00:00","description":"P\u00f3ngase en contacto con Oltarsh &amp; Associates, P.C. ahora en el (212) 944-9420 para obtener apoyo legal fiable y orientaci\u00f3n de nuestros experimentados abogados de inmigraci\u00f3n.","breadcrumb":{"@id":"https:\/\/www.oltarsh.com\/contact\/#breadcrumb"},"inLanguage":"es","potentialAction":[{"@type":"ReadAction","target":["https:\/\/www.oltarsh.com\/contact\/"]}]},{"@type":"BreadcrumbList","@id":"https:\/\/www.oltarsh.com\/contact\/#breadcrumb","itemListElement":[{"@type":"ListItem","position":1,"name":"Home","item":"https:\/\/www.oltarsh.com\/"},{"@type":"ListItem","position":2,"name":"Contact"}]},{"@type":"WebSite","@id":"https:\/\/www.oltarsh.com\/#website","url":"https:\/\/www.oltarsh.com\/","name":"Oltarsh &amp; Associates, P.C.","description":"Su abogado de inmigraci\u00f3n de confianza New York","publisher":{"@id":"https:\/\/www.oltarsh.com\/#organization"},"alternateName":"Oltarsh & Associates","potentialAction":[{"@type":"SearchAction","target":{"@type":"EntryPoint","urlTemplate":"https:\/\/www.oltarsh.com\/?s={search_term_string}"},"query-input":{"@type":"PropertyValueSpecification","valueRequired":true,"valueName":"search_term_string"}}],"inLanguage":"es"},{"@type":"Organization","@id":"https:\/\/www.oltarsh.com\/#organization","name":"Oltarsh &amp; Associates, P.C.","alternateName":"Oltarsh & Associates","url":"https:\/\/www.oltarsh.com\/","logo":{"@type":"ImageObject","inLanguage":"es","@id":"https:\/\/www.oltarsh.com\/#\/schema\/logo\/image\/","url":"https:\/\/www.oltarsh.com\/wp-content\/uploads\/2018\/06\/logo.png","contentUrl":"https:\/\/www.oltarsh.com\/wp-content\/uploads\/2018\/06\/logo.png","width":476,"height":72,"caption":"Oltarsh & Associates, P.C."},"image":{"@id":"https:\/\/www.oltarsh.com\/#\/schema\/logo\/image\/"},"sameAs":["https:\/\/www.facebook.com\/Oltarsh","https:\/\/www.linkedin.com\/company\/oltarsh-and-associates\/"],"description":"Oltarsh &amp; Associates P.C., una de las principales firmas de abogados de inmigraci\u00f3n de EE.UU., cuenta con m\u00e1s de 50 a\u00f1os de servicio sin igual. Prestando servicios en todo el pa\u00eds, manejamos con pericia asuntos complejos de inmigraci\u00f3n, tales como la representaci\u00f3n multifac\u00e9tica de negocios, exenciones, visas de trabajo, residencia permanente, rebasamiento de visas y defensa contra la deportaci\u00f3n. Como renombrados abogados de inmigraci\u00f3n en la ciudad de New York, atendemos diversas necesidades, desde la ley de inmigraci\u00f3n familiar hasta visas de trabajo, solicitudes de tarjeta verde y asistencia para la ciudadan\u00eda. Situado en el centro de Nueva York, nos esforzamos para obtener resultados \u00f3ptimos en la ley de inmigraci\u00f3n de EE.UU.. Si usted est\u00e1 buscando \"los mejores abogados de inmigraci\u00f3n en los EE.UU.\", \"EE.UU. abogado de inmigraci\u00f3n\", o \"abogados de defensa de deportaci\u00f3n\", considere nuestro equipo competente y compasivo.","email":"info@oltarsh.com","telephone":"(212) 944-9420","legalName":"Oltarsh & Associates, P.C.","foundingDate":"2001-01-01","numberOfEmployees":{"@type":"QuantitativeValue","minValue":"11","maxValue":"50"}}]}},"_links":{"self":[{"href":"https:\/\/www.oltarsh.com\/es\/wp-json\/wp\/v2\/pages\/771","targetHints":{"allow":["GET"]}}],"collection":[{"href":"https:\/\/www.oltarsh.com\/es\/wp-json\/wp\/v2\/pages"}],"about":[{"href":"https:\/\/www.oltarsh.com\/es\/wp-json\/wp\/v2\/types\/page"}],"author":[{"embeddable":true,"href":"https:\/\/www.oltarsh.com\/es\/wp-json\/wp\/v2\/users\/1"}],"replies":[{"embeddable":true,"href":"https:\/\/www.oltarsh.com\/es\/wp-json\/wp\/v2\/comments?post=771"}],"version-history":[{"count":0,"href":"https:\/\/www.oltarsh.com\/es\/wp-json\/wp\/v2\/pages\/771\/revisions"}],"wp:attachment":[{"href":"https:\/\/www.oltarsh.com\/es\/wp-json\/wp\/v2\/media?parent=771"}],"curies":[{"name":"wp","href":"https:\/\/api.w.org\/{rel}","templated":true}]}}