{"id":4972,"date":"2019-05-28T17:28:58","date_gmt":"2019-05-28T17:28:58","guid":{"rendered":"https:\/\/www.oltarsh.com\/?page_id=4972"},"modified":"2023-12-29T15:14:30","modified_gmt":"2023-12-29T15:14:30","slug":"bronx-abogado-de-inmigracion","status":"publish","type":"page","link":"https:\/\/www.oltarsh.com\/es\/bronx-immigration-lawyer\/","title":{"rendered":"Abogado de inmigraci\u00f3n en el Bronx"},"content":{"rendered":"<p><span style=\"font-weight: 400;\">El Bronx, uno de los cinco distritos de la Ciudad New York, est\u00e1 situado en la parte norte de la metr\u00f3poli y es famoso por su poblaci\u00f3n diversa y vibrante. Con un asombroso 35% de inmigrantes, el Bronx cuenta con un mosaico cultural que contribuye significativamente a su atractivo y singularidad.\u00a0<\/span><span style=\"font-weight: 400;\">Para quienes residen y trabajan en esta zona, es de suma importancia consultar a un abogado de inmigraci\u00f3n cualificado en el Bronx para abordar cuestiones de inmigraci\u00f3n como la solicitud de visados, <a href=\"https:\/\/www.oltarsh.com\/es\/practica\/tarjetas-verdes\/\">Carta Verde<\/a> complicaciones, rebasamientos y solicitudes de <a href=\"https:\/\/www.oltarsh.com\/es\/practica\/ciudadania\/\">Ciudadan\u00eda estadounidense<\/a>.<\/span><\/p>\n<p><span style=\"font-weight: 400;\">Un abogado con experiencia puede ofrecerle una amplia gama de servicios vitales que le guiar\u00e1n a usted y a su familia hacia los resultados m\u00e1s favorables en el Bronx.<\/span><\/p>\n<p><img loading=\"lazy\" decoding=\"async\" class=\"alignnone size-full wp-image-5734\" src=\"https:\/\/www.oltarsh.com\/wp-content\/uploads\/2023\/03\/Immigration-Lawyer-in-the-Bronx.jpeg\" alt=\"Abogado de inmigraci\u00f3n en el Bronx\" width=\"1280\" height=\"857\" srcset=\"https:\/\/www.oltarsh.com\/wp-content\/uploads\/2023\/03\/Immigration-Lawyer-in-the-Bronx.jpeg 1280w, https:\/\/www.oltarsh.com\/wp-content\/uploads\/2023\/03\/Immigration-Lawyer-in-the-Bronx-300x201.jpeg 300w, https:\/\/www.oltarsh.com\/wp-content\/uploads\/2023\/03\/Immigration-Lawyer-in-the-Bronx-1024x686.jpeg 1024w, https:\/\/www.oltarsh.com\/wp-content\/uploads\/2023\/03\/Immigration-Lawyer-in-the-Bronx-768x514.jpeg 768w\" sizes=\"auto, (max-width: 1280px) 100vw, 1280px\" \/><\/p>\n<h3><b>Una mirada m\u00e1s atenta a los riesgos para los inmigrantes en el actual entorno pol\u00edtico<\/b><\/h3>\n<p><span style=\"font-weight: 400;\">En los \u00faltimos a\u00f1os, el clima pol\u00edtico en torno a las pol\u00edticas de inmigraci\u00f3n y su aplicaci\u00f3n ha cambiado radicalmente. Esto ha sido especialmente evidente en la forma en que <a href=\"https:\/\/www.ice.gov\/about-ice\">Servicio de Inmigraci\u00f3n y Control de Aduanas<\/a> (ICE), <a href=\"https:\/\/www.uscis.gov\/about-us\" target=\"_blank\" rel=\"noopener\">Servicios de Ciudadan\u00eda e Inmigraci\u00f3n de Estados Unidos,<\/a>\u00a0y otras autoridades de inmigraci\u00f3n lleven a cabo sus responsabilidades. Como consecuencia, los inmigrantes de todo Estados Unidos, incluidos los de la zona de la Ciudad New York, se enfrentan a un mayor riesgo de detenci\u00f3n y deportaci\u00f3n. Los funcionarios del ICE han hecho todo lo posible por localizar a los inmigrantes indocumentados, llegando incluso a entrar en juzgados, iglesias y medios de transporte p\u00fablico para exigirles documentaci\u00f3n y verificar su situaci\u00f3n migratoria.<\/span><\/p>\n<p><span style=\"font-weight: 400;\">En un entorno tan precario, contar con un abogado de inmigraci\u00f3n Bronx a su lado puede suponer una gran diferencia. Su abogado le proporcionar\u00e1 orientaci\u00f3n experta y apoyo mientras lidia con asuntos relacionados con la inmigraci\u00f3n. Le ayudar\u00e1 a usted y a su familia a completar el papeleo, resolver la situaci\u00f3n de indocumentaci\u00f3n y solicitar tarjetas verdes y otros visados que permitan a su familia permanecer junta en Estados Unidos.<\/span><\/p>\n<h3><b>Una amplia cartera de servicios ofrecidos por su abogado de inmigraci\u00f3n en el Bronx\u00a0<\/b><\/h3>\n<p><span style=\"font-weight: 400;\">Cuando contrate los servicios de un abogado de inmigraci\u00f3n New York, \u00e9ste evaluar\u00e1 meticulosamente su situaci\u00f3n e identificar\u00e1 los programas y estrategias con m\u00e1s probabilidades de obtener los mejores resultados posibles para usted y su familia. Su abogado Bronx actuar\u00e1 como su defensor tanto dentro como fuera de los tribunales, ideando las soluciones adecuadas para ayudarle a usted y a su familia a alcanzar sus objetivos en materia de inmigraci\u00f3n.<\/span><\/p>\n<p><span style=\"font-weight: 400;\">Su abogado de inmigraci\u00f3n Bronx puede ofrecer una amplia gama de servicios, incluyendo pero no limitado a:<\/span><\/p>\n<ol>\n<li style=\"font-weight: 400;\" aria-level=\"1\"><span style=\"font-weight: 400;\">Orientaci\u00f3n sobre diversas categor\u00edas de solicitud de visado, como visados familiares, de empleo, de inversor y de estudiante, as\u00ed como orientaci\u00f3n sobre solicitudes de pr\u00f3rroga y cambio de estatus.<\/span><\/li>\n<li style=\"font-weight: 400;\" aria-level=\"1\"><span style=\"font-weight: 400;\">Representaci\u00f3n en procedimientos de deportaci\u00f3n y expulsi\u00f3n, elaboraci\u00f3n de una defensa s\u00f3lida y exploraci\u00f3n de todas las v\u00edas posibles para ayudarle a permanecer en el pa\u00eds.<\/span><\/li>\n<li style=\"font-weight: 400;\" aria-level=\"1\"><span style=\"font-weight: 400;\">Asistencia con el ajuste de su estatus o la solicitud de una tarjeta verde, incluida la preparaci\u00f3n de la documentaci\u00f3n necesaria y las pruebas justificativas, as\u00ed como la representaci\u00f3n durante las entrevistas con los funcionarios de inmigraci\u00f3n.<\/span><\/li>\n<li style=\"font-weight: 400;\" aria-level=\"1\"><span style=\"font-weight: 400;\">Ayuda en la presentaci\u00f3n de solicitudes de ciudadan\u00eda estadounidense, preparaci\u00f3n de ex\u00e1menes de naturalizaci\u00f3n y representaci\u00f3n durante las entrevistas de naturalizaci\u00f3n.<\/span><\/li>\n<li style=\"font-weight: 400;\" aria-level=\"1\"><span style=\"font-weight: 400;\">Asistencia con exenciones de inadmisibilidad, acci\u00f3n diferida para los llegados en la infancia (DACA), estatus de protecci\u00f3n temporal (TPS) y otras cuestiones relacionadas con la inmigraci\u00f3n.<\/span><\/li>\n<li style=\"font-weight: 400;\" aria-level=\"1\"><span style=\"font-weight: 400;\">Asesoramiento jur\u00eddico a empresarios que desean patrocinar a trabajadores extranjeros, ayud\u00e1ndoles a navegar por los complejos procesos que implica la obtenci\u00f3n de visados de trabajo.<\/span><\/li>\n<li style=\"font-weight: 400;\" aria-level=\"1\"><span style=\"font-weight: 400;\">Representaci\u00f3n en solicitudes de asilo y refugio, proporcionando orientaci\u00f3n y apoyo durante todo el proceso.<\/span><\/li>\n<\/ol>\n<p><b><img loading=\"lazy\" decoding=\"async\" class=\"alignnone size-full wp-image-5736\" src=\"https:\/\/www.oltarsh.com\/wp-content\/uploads\/2023\/03\/Services-Offered-by-Your-Immigration-Lawyer-in-the-Bronx.jpeg\" alt=\"Servicios ofrecidos por su abogado de inmigraci\u00f3n en el Bronx\" width=\"1280\" height=\"853\" srcset=\"https:\/\/www.oltarsh.com\/wp-content\/uploads\/2023\/03\/Services-Offered-by-Your-Immigration-Lawyer-in-the-Bronx.jpeg 1280w, https:\/\/www.oltarsh.com\/wp-content\/uploads\/2023\/03\/Services-Offered-by-Your-Immigration-Lawyer-in-the-Bronx-300x200.jpeg 300w, https:\/\/www.oltarsh.com\/wp-content\/uploads\/2023\/03\/Services-Offered-by-Your-Immigration-Lawyer-in-the-Bronx-1024x682.jpeg 1024w, https:\/\/www.oltarsh.com\/wp-content\/uploads\/2023\/03\/Services-Offered-by-Your-Immigration-Lawyer-in-the-Bronx-768x512.jpeg 768w\" sizes=\"auto, (max-width: 1280px) 100vw, 1280px\" \/><\/b><\/p>\n<h2><b>\u00bfPor qu\u00e9 elegir Oltarsh &amp; Associates, P.C.?<\/b><\/h2>\n<p><span style=\"font-weight: 400;\">Como un bufete de abogados de inmigraci\u00f3n de primer nivel en el \u00e1rea de New York, Oltarsh &amp; Associates, P.C. se enorgullece de trabajar estrechamente con las familias en y alrededor de la ciudad de New York y en todo el estado para asegurar los mejores resultados posibles para nuestros clientes. Nuestro equipo de abogados emp\u00e1ticos y capacitados es inquebrantable en su compromiso de luchar por su derecho a permanecer en los Estados Unidos.<\/span><\/p>\n<p><span style=\"font-weight: 400;\">Estas son algunas de las razones por las que deber\u00eda elegirnos para sus necesidades de inmigraci\u00f3n:<\/span><\/p>\n<ol>\n<li style=\"font-weight: 400;\" aria-level=\"1\"><span style=\"font-weight: 400;\">Nuestro equipo de abogados de inmigraci\u00f3n en el Bronx posee una vasta experiencia y conocimientos en todos los aspectos de la ley de inmigraci\u00f3n. Nos mantenemos actualizados con los \u00faltimos avances en este campo y aprovechamos nuestros conocimientos para ofrecer a nuestros clientes la mejor orientaci\u00f3n y representaci\u00f3n legal posible.<\/span><\/li>\n<li style=\"font-weight: 400;\" aria-level=\"1\"><span style=\"font-weight: 400;\">Reconocemos que cada caso es distinto, por lo que prestamos una atenci\u00f3n personalizada a cada uno de nuestros clientes. Invertimos tiempo en comprender sus circunstancias y dise\u00f1ar una estrategia que se ajuste a sus objetivos y necesidades.<\/span><\/li>\n<li style=\"font-weight: 400;\" aria-level=\"1\"><span style=\"font-weight: 400;\">Creemos que la comunicaci\u00f3n eficaz es vital para obtener resultados favorables en los casos de inmigraci\u00f3n. Por lo tanto, mantenemos a nuestros clientes informados durante todo el proceso, y nuestro equipo est\u00e1 siempre accesible para atender sus consultas y preocupaciones.<\/span><\/li>\n<li style=\"font-weight: 400;\" aria-level=\"1\"><span style=\"font-weight: 400;\">Sentimos empat\u00eda con los retos y emociones asociados con los asuntos de inmigraci\u00f3n. Por lo tanto, proporcionamos representaci\u00f3n compasiva a nuestros clientes, ayud\u00e1ndoles con sensibilidad y comprensi\u00f3n.<\/span><\/li>\n<li style=\"font-weight: 400;\" aria-level=\"1\"><span style=\"font-weight: 400;\">Creemos firmemente que la representaci\u00f3n legal de calidad debe ser accesible a todos, independientemente de su situaci\u00f3n financiera. Por lo tanto, ofrecemos servicios rentables y opciones de pago flexibles a nuestros clientes.<\/span><\/li>\n<\/ol>\n<p><span style=\"font-weight: 400;\">Si est\u00e1 buscando un abogado de inmigraci\u00f3n compasivo y competente en el Bronx, entonces Oltarsh &amp; Associates, P.C. es su soluci\u00f3n integral. Estamos comprometidos a ayudar a nuestros clientes a lograr sus objetivos de inmigraci\u00f3n y nos esforzaremos sin descanso para asegurar los resultados m\u00e1s favorables para usted y sus seres queridos. P\u00f3ngase en contacto con nosotros hoy en 212-944-9420 para reservar una consulta gratuita en nuestra oficina. Estamos ansiosos por servirle.<\/span><\/p>","protected":false},"excerpt":{"rendered":"<p>The Bronx, one of the five boroughs of New York City, is situated in the north part of the metropolis and is renowned for its diverse and vibrant population. With a staggering 35 percent of its inhabitants being immigrants, the Bronx boasts a cultural mosaic that contributes significantly to its appeal and uniqueness.\u00a0For those residing [&hellip;]<\/p>\n","protected":false},"author":1,"featured_media":0,"parent":0,"menu_order":0,"comment_status":"closed","ping_status":"closed","template":"","meta":{"footnotes":""},"class_list":["post-4972","page","type-page","status-publish","hentry"],"yoast_head":"<!-- This site is optimized with the Yoast SEO Premium plugin v27.5 (Yoast SEO v27.5) - https:\/\/yoast.com\/product\/yoast-seo-premium-wordpress\/ -->\n<title>Immigration Lawyer in the Bronx | Oltarsh &amp; Associates<\/title>\n<meta name=\"description\" content=\"Bronx immigration lawyer Jennifer Oltarsh provides immigration law services from green cards to deportation to citizenship. Call 212-944-9420\" \/>\n<meta name=\"robots\" content=\"index, follow, max-snippet:-1, max-image-preview:large, max-video-preview:-1\" \/>\n<link rel=\"canonical\" href=\"https:\/\/www.oltarsh.com\/es\/bronx-abogado-de-inmigracion\/\" \/>\n<meta property=\"og:locale\" content=\"es_ES\" \/>\n<meta property=\"og:type\" content=\"article\" \/>\n<meta property=\"og:title\" content=\"Immigration Lawyer in the Bronx\" \/>\n<meta property=\"og:description\" content=\"The Bronx, one of the five boroughs of New York City, is situated in the north part of the metropolis and is renowned for its diverse and vibrant\" \/>\n<meta property=\"og:url\" content=\"https:\/\/www.oltarsh.com\/es\/bronx-abogado-de-inmigracion\/\" \/>\n<meta property=\"og:site_name\" content=\"Oltarsh &amp; Associates\" \/>\n<meta property=\"article:publisher\" content=\"https:\/\/www.facebook.com\/Oltarsh\" \/>\n<meta property=\"article:modified_time\" content=\"2023-12-29T15:14:30+00:00\" \/>\n<meta property=\"og:image\" content=\"https:\/\/www.oltarsh.com\/wp-content\/uploads\/2023\/03\/Immigration-Lawyer-in-the-Bronx.jpeg\" \/>\n<meta name=\"twitter:card\" content=\"summary_large_image\" \/>\n<meta name=\"twitter:label1\" content=\"Est. reading time\" \/>\n\t<meta name=\"twitter:data1\" content=\"5 minutos\" \/>\n<!-- \/ Yoast SEO Premium plugin. -->","yoast_head_json":{"title":"Immigration Lawyer in the Bronx | Oltarsh &amp; Associates","description":"Bronx abogado de inmigraci\u00f3n Jennifer Oltarsh ofrece servicios de inmigraci\u00f3n de la ley de tarjetas verdes a la deportaci\u00f3n a la ciudadan\u00eda. Llame al 212-944-9420","robots":{"index":"index","follow":"follow","max-snippet":"max-snippet:-1","max-image-preview":"max-image-preview:large","max-video-preview":"max-video-preview:-1"},"canonical":"https:\/\/www.oltarsh.com\/es\/bronx-abogado-de-inmigracion\/","og_locale":"es_ES","og_type":"article","og_title":"Immigration Lawyer in the Bronx","og_description":"The Bronx, one of the five boroughs of New York City, is situated in the north part of the metropolis and is renowned for its diverse and vibrant","og_url":"https:\/\/www.oltarsh.com\/es\/bronx-abogado-de-inmigracion\/","og_site_name":"Oltarsh &amp; Associates","article_publisher":"https:\/\/www.facebook.com\/Oltarsh","article_modified_time":"2023-12-29T15:14:30+00:00","og_image":[{"url":"https:\/\/www.oltarsh.com\/wp-content\/uploads\/2023\/03\/Immigration-Lawyer-in-the-Bronx.jpeg","type":"","width":"","height":""}],"twitter_card":"summary_large_image","twitter_misc":{"Est. reading time":"5 minutos"},"schema":{"@context":"https:\/\/schema.org","@graph":[{"@type":"WebPage","@id":"https:\/\/www.oltarsh.com\/bronx-immigration-lawyer\/","url":"https:\/\/www.oltarsh.com\/bronx-immigration-lawyer\/","name":"Immigration Lawyer in the Bronx | Oltarsh &amp; Associates","isPartOf":{"@id":"https:\/\/www.oltarsh.com\/#website"},"primaryImageOfPage":{"@id":"https:\/\/www.oltarsh.com\/bronx-immigration-lawyer\/#primaryimage"},"image":{"@id":"https:\/\/www.oltarsh.com\/bronx-immigration-lawyer\/#primaryimage"},"thumbnailUrl":"https:\/\/www.oltarsh.com\/wp-content\/uploads\/2023\/03\/Immigration-Lawyer-in-the-Bronx.jpeg","datePublished":"2019-05-28T17:28:58+00:00","dateModified":"2023-12-29T15:14:30+00:00","description":"Bronx abogado de inmigraci\u00f3n Jennifer Oltarsh ofrece servicios de inmigraci\u00f3n de la ley de tarjetas verdes a la deportaci\u00f3n a la ciudadan\u00eda. Llame al 212-944-9420","breadcrumb":{"@id":"https:\/\/www.oltarsh.com\/bronx-immigration-lawyer\/#breadcrumb"},"inLanguage":"es","potentialAction":[{"@type":"ReadAction","target":["https:\/\/www.oltarsh.com\/bronx-immigration-lawyer\/"]}]},{"@type":"ImageObject","inLanguage":"es","@id":"https:\/\/www.oltarsh.com\/bronx-immigration-lawyer\/#primaryimage","url":"https:\/\/www.oltarsh.com\/wp-content\/uploads\/2023\/03\/Immigration-Lawyer-in-the-Bronx.jpeg","contentUrl":"https:\/\/www.oltarsh.com\/wp-content\/uploads\/2023\/03\/Immigration-Lawyer-in-the-Bronx.jpeg"},{"@type":"BreadcrumbList","@id":"https:\/\/www.oltarsh.com\/bronx-immigration-lawyer\/#breadcrumb","itemListElement":[{"@type":"ListItem","position":1,"name":"Home","item":"https:\/\/www.oltarsh.com\/"},{"@type":"ListItem","position":2,"name":"Immigration Lawyer in the Bronx"}]},{"@type":"WebSite","@id":"https:\/\/www.oltarsh.com\/#website","url":"https:\/\/www.oltarsh.com\/","name":"Oltarsh &amp; Associates, P.C.","description":"Su abogado de inmigraci\u00f3n de confianza New York","publisher":{"@id":"https:\/\/www.oltarsh.com\/#organization"},"alternateName":"Oltarsh & Associates","potentialAction":[{"@type":"SearchAction","target":{"@type":"EntryPoint","urlTemplate":"https:\/\/www.oltarsh.com\/?s={search_term_string}"},"query-input":{"@type":"PropertyValueSpecification","valueRequired":true,"valueName":"search_term_string"}}],"inLanguage":"es"},{"@type":"Organization","@id":"https:\/\/www.oltarsh.com\/#organization","name":"Oltarsh &amp; Associates, P.C.","alternateName":"Oltarsh & Associates","url":"https:\/\/www.oltarsh.com\/","logo":{"@type":"ImageObject","inLanguage":"es","@id":"https:\/\/www.oltarsh.com\/#\/schema\/logo\/image\/","url":"https:\/\/www.oltarsh.com\/wp-content\/uploads\/2018\/06\/logo.png","contentUrl":"https:\/\/www.oltarsh.com\/wp-content\/uploads\/2018\/06\/logo.png","width":476,"height":72,"caption":"Oltarsh & Associates, P.C."},"image":{"@id":"https:\/\/www.oltarsh.com\/#\/schema\/logo\/image\/"},"sameAs":["https:\/\/www.facebook.com\/Oltarsh","https:\/\/www.linkedin.com\/company\/oltarsh-and-associates\/"],"description":"Oltarsh &amp; Associates P.C., una de las principales firmas de abogados de inmigraci\u00f3n de EE.UU., cuenta con m\u00e1s de 50 a\u00f1os de servicio sin igual. Prestando servicios en todo el pa\u00eds, manejamos con pericia asuntos complejos de inmigraci\u00f3n, tales como la representaci\u00f3n multifac\u00e9tica de negocios, exenciones, visas de trabajo, residencia permanente, rebasamiento de visas y defensa contra la deportaci\u00f3n. Como renombrados abogados de inmigraci\u00f3n en la ciudad de New York, atendemos diversas necesidades, desde la ley de inmigraci\u00f3n familiar hasta visas de trabajo, solicitudes de tarjeta verde y asistencia para la ciudadan\u00eda. Situado en el centro de Nueva York, nos esforzamos para obtener resultados \u00f3ptimos en la ley de inmigraci\u00f3n de EE.UU.. Si usted est\u00e1 buscando \"los mejores abogados de inmigraci\u00f3n en los EE.UU.\", \"EE.UU. abogado de inmigraci\u00f3n\", o \"abogados de defensa de deportaci\u00f3n\", considere nuestro equipo competente y compasivo.","email":"info@oltarsh.com","telephone":"(212) 944-9420","legalName":"Oltarsh & Associates, P.C.","foundingDate":"2001-01-01","numberOfEmployees":{"@type":"QuantitativeValue","minValue":"11","maxValue":"50"}}]}},"_links":{"self":[{"href":"https:\/\/www.oltarsh.com\/es\/wp-json\/wp\/v2\/pages\/4972","targetHints":{"allow":["GET"]}}],"collection":[{"href":"https:\/\/www.oltarsh.com\/es\/wp-json\/wp\/v2\/pages"}],"about":[{"href":"https:\/\/www.oltarsh.com\/es\/wp-json\/wp\/v2\/types\/page"}],"author":[{"embeddable":true,"href":"https:\/\/www.oltarsh.com\/es\/wp-json\/wp\/v2\/users\/1"}],"replies":[{"embeddable":true,"href":"https:\/\/www.oltarsh.com\/es\/wp-json\/wp\/v2\/comments?post=4972"}],"version-history":[{"count":0,"href":"https:\/\/www.oltarsh.com\/es\/wp-json\/wp\/v2\/pages\/4972\/revisions"}],"wp:attachment":[{"href":"https:\/\/www.oltarsh.com\/es\/wp-json\/wp\/v2\/media?parent=4972"}],"curies":[{"name":"wp","href":"https:\/\/api.w.org\/{rel}","templated":true}]}}