{"id":4969,"date":"2019-05-28T17:23:00","date_gmt":"2019-05-28T17:23:00","guid":{"rendered":"https:\/\/www.oltarsh.com\/?page_id=4969"},"modified":"2025-01-09T12:30:15","modified_gmt":"2025-01-09T12:30:15","slug":"queens-abogado-de-inmigracion","status":"publish","type":"page","link":"https:\/\/www.oltarsh.com\/es\/queens-immigration-lawyer\/","title":{"rendered":"Abogado de Inmigraci\u00f3n en Queens"},"content":{"rendered":"<p>Queens es el distrito m\u00e1s grande de New York y el segundo m\u00e1s poblado despu\u00e9s de Brooklyn. Cuenta con una comunidad diversa y animada, enriquecida por una larga historia de inmigraci\u00f3n.<\/p>\n<p>Esta historia ha desempe\u00f1ado un papel importante en el crecimiento y desarrollo de la econom\u00eda de la ciudad. Con una gran poblaci\u00f3n inmigrante, el distrito se enfrenta a una serie de complejos problemas de inmigraci\u00f3n, por lo que es esencial consultar a un abogado de inmigraci\u00f3n cualificado y con conocimientos en Queens cuando se trata de este tipo de asuntos.<\/p>\n<p><img decoding=\"async\" class=\"alignnone size-full wp-image-5727\" src=\"https:\/\/www.oltarsh.com\/wp-content\/uploads\/2023\/03\/Immigration-Lawyer-in-Queens.jpeg\" alt=\"Abogado de Inmigraci\u00f3n en Queens\" width=\"1280\" height=\"852\" srcset=\"https:\/\/www.oltarsh.com\/wp-content\/uploads\/2023\/03\/Immigration-Lawyer-in-Queens.jpeg 1280w, https:\/\/www.oltarsh.com\/wp-content\/uploads\/2023\/03\/Immigration-Lawyer-in-Queens-300x200.jpeg 300w, https:\/\/www.oltarsh.com\/wp-content\/uploads\/2023\/03\/Immigration-Lawyer-in-Queens-1024x682.jpeg 1024w, https:\/\/www.oltarsh.com\/wp-content\/uploads\/2023\/03\/Immigration-Lawyer-in-Queens-768x511.jpeg 768w\" sizes=\"(max-width: 1280px) 100vw, 1280px\" \/><\/p>\n<h3><b>La ayuda jur\u00eddica adecuada de un abogado de inmigraci\u00f3n Queens<\/b><\/h3>\n<p>Un abogado de inmigraci\u00f3n con experiencia en Queens, NY, puede ofrecer una amplia gama de servicios legales adaptados a su situaci\u00f3n particular. Comenzar\u00e1n por llevar a cabo una discusi\u00f3n exhaustiva de su caso para determinar la naturaleza de su problema de inmigraci\u00f3n y proporcionar la orientaci\u00f3n adecuada.<\/p>\n<p>Los abogados de inmigraci\u00f3n en Queens poseen la experiencia y los conocimientos necesarios para hacer frente a una amplia variedad de problemas de inmigraci\u00f3n, desde el rebasamiento de visados y la presentaci\u00f3n de documentos hasta las solicitudes de visados de trabajo y de educaci\u00f3n, tarjetas verdes, naturalizaci\u00f3n, solicitudes de asilo, y mucho m\u00e1s. Colaborar con un abogado experto garantiza los mejores resultados posibles para sus problemas de inmigraci\u00f3n y ayuda a aliviar el estr\u00e9s y la incertidumbre que a menudo acompa\u00f1an a estos procesos.<\/p>\n<p>Una de las funciones m\u00e1s importantes que puede desempe\u00f1ar un abogado de inmigraci\u00f3n en Queens es ayudarle a evitar la detenci\u00f3n y la deportaci\u00f3n. Si se enfrenta a un procedimiento de deportaci\u00f3n u otras consecuencias adversas en materia de inmigraci\u00f3n, un abogado de inmigraci\u00f3n puede representar sus intereses cuando se trate de\u00a0<a href=\"https:\/\/www.ice.gov\/about-ice\" target=\"_blank\" rel=\"noopener noreferrer\">Servicio de Inmigraci\u00f3n y Control de Aduanas<\/a>\u00a0(ICE), la\u00a0<a href=\"https:\/\/www.dhs.gov\/about-dhs\" target=\"_blank\" rel=\"noopener noreferrer\">Departamento de Seguridad Interior<\/a>\u00a0(DHS), el\u00a0<a href=\"https:\/\/www.uscis.gov\/about-us\" target=\"_blank\" rel=\"noopener noreferrer\">Servicios de Ciudadan\u00eda e Inmigraci\u00f3n de EE.UU.<\/a>y otras autoridades de inmigraci\u00f3n.<\/p>\n<p>Esta representaci\u00f3n le ofrece una capa adicional de protecci\u00f3n y tranquilidad mientras trabaja para resolver sus problemas de estado de inmigraci\u00f3n. Contratar los servicios profesionales de un abogado especializado en leyes de inmigraci\u00f3n es la forma m\u00e1s eficaz de superar estos retos y salvaguardar sus derechos.<\/p>\n<p>En Oltarsh &amp; Associates, P.C., proporcionamos la asistencia jur\u00eddica adecuada para todas sus preocupaciones relacionadas con la inmigraci\u00f3n. Nuestro equipo de abogados experimentados y dedicados se compromete a ofrecer representaci\u00f3n legal de primera clase a los clientes en Queens y las \u00e1reas circundantes. Trabajamos en estrecha colaboraci\u00f3n con usted y su familia durante todo el proceso, asegurando que sus problemas de inmigraci\u00f3n se resuelven de manera eficiente, justa y con los resultados m\u00e1s favorables posibles.<\/p>\n<p>&nbsp;<\/p>\n<h3><b>Qu\u00e9 puede esperar de su abogado de inmigraci\u00f3n en Queens<\/b><\/h3>\n<p>Cuando usted trabaja con un abogado de inmigraci\u00f3n, puede esperar una atenci\u00f3n personalizada y soluciones a medida para sus problemas de inmigraci\u00f3n. Su abogado se tomar\u00e1 el tiempo necesario para comprender los detalles de su caso, analizar las leyes y reglamentos aplicables y desarrollar una estrategia que se ajuste a sus objetivos.<\/p>\n<p>Estas son algunas de las formas en que un abogado de inmigraci\u00f3n puede ayudarle:<\/p>\n<ol>\n<li><strong>Proporcionar asesoramiento y orientaci\u00f3n jur\u00eddicos:<\/strong>\u00a0La ley de inmigraci\u00f3n es compleja, y navegar por ella sin ayuda legal puede ser todo un reto. Un abogado de inmigraci\u00f3n en Queens puede proporcionar el asesoramiento jur\u00eddico y la orientaci\u00f3n que necesita para comprender sus opciones, tomar decisiones informadas y dar los pasos adecuados para lograr sus objetivos.<\/li>\n<li><strong>Preparar y archivar la documentaci\u00f3n:<\/strong>\u00a0El proceso de inmigraci\u00f3n implica mucho papeleo, e incluso un peque\u00f1o error puede causar retrasos significativos o incluso el rechazo de su solicitud. Su abogado de inmigraci\u00f3n en Queens puede ayudarle a preparar y presentar su papeleo con precisi\u00f3n y a tiempo, asegur\u00e1ndose de que su solicitud est\u00e9 completa y cumpla todos los requisitos necesarios.<\/li>\n<li><strong>Representarle ante las administraciones p\u00fablicas:<\/strong>\u00a0Tratar con agencias gubernamentales como ICE y USCIS puede ser intimidante y estresante. Su experimentado abogado de solicitud de ciudadan\u00eda en Queens puede representarlo en todas las negociaciones con estas agencias, proporcionando una capa adicional de protecci\u00f3n y asegurando que sus derechos sean protegidos.<\/li>\n<li><strong>Ayudarle a evitar la detenci\u00f3n y la expulsi\u00f3n:<\/strong>\u00a0Si se enfrenta a una detenci\u00f3n o\u00a0<a href=\"https:\/\/www.oltarsh.com\/es\/practica\/defensa-contra-la-deportacion\/\" target=\"_blank\" rel=\"noopener noreferrer\">deportaci\u00f3n<\/a>Un abogado de inmigraci\u00f3n en Queens puede ayudarle a evitar estos resultados. Su abogado puede trabajar con usted para desarrollar una estrategia que aborde los problemas en cuesti\u00f3n y le ayude a lograr el mejor resultado posible.<\/li>\n<li><strong>Asistencia en asuntos de inmigraci\u00f3n familiar:<\/strong>\u00a0Si tiene familiares que desean inmigrar a Estados Unidos, un abogado de inmigraci\u00f3n en Queens puede ayudarle con los asuntos de inmigraci\u00f3n familiar. Su abogado puede ayudarle a navegar por el complejo proceso de obtenci\u00f3n de visados,\u00a0<a href=\"https:\/\/www.oltarsh.com\/es\/practica\/tarjetas-verdes\/\" target=\"_blank\" rel=\"noopener noreferrer\">Tarjetas verdes<\/a>y otros beneficios de inmigraci\u00f3n para sus seres queridos.<\/li>\n<\/ol>\n<p><img decoding=\"async\" class=\"alignnone size-full wp-image-5728\" src=\"https:\/\/www.oltarsh.com\/wp-content\/uploads\/2023\/03\/What-You-Can-Expect-From-Your-Immigration-Lawyer-in-Queens.jpeg\" alt=\"Qu\u00e9 puede esperar de su abogado de inmigraci\u00f3n en Queens\" width=\"1280\" height=\"848\" srcset=\"https:\/\/www.oltarsh.com\/wp-content\/uploads\/2023\/03\/What-You-Can-Expect-From-Your-Immigration-Lawyer-in-Queens.jpeg 1280w, https:\/\/www.oltarsh.com\/wp-content\/uploads\/2023\/03\/What-You-Can-Expect-From-Your-Immigration-Lawyer-in-Queens-300x199.jpeg 300w, https:\/\/www.oltarsh.com\/wp-content\/uploads\/2023\/03\/What-You-Can-Expect-From-Your-Immigration-Lawyer-in-Queens-1024x678.jpeg 1024w, https:\/\/www.oltarsh.com\/wp-content\/uploads\/2023\/03\/What-You-Can-Expect-From-Your-Immigration-Lawyer-in-Queens-768x509.jpeg 768w\" sizes=\"(max-width: 1280px) 100vw, 1280px\" \/><\/p>\n<h2><b>\u00bfPor qu\u00e9 elegir Oltarsh &amp; Associates, P.C.?<\/b><\/h2>\n<p>En Oltarsh &amp; Associates, P.C., tenemos m\u00e1s de 50 a\u00f1os de experiencia ayudando a individuos y familias con sus asuntos de inmigraci\u00f3n. Estamos comprometidos a proporcionar el m\u00e1s alto nivel de servicios legales a nuestros clientes, y trabajamos incansablemente para lograr los mejores resultados posibles para ellos.<\/p>\n<p>Estas son algunas de las razones por las que deber\u00eda elegirnos para sus necesidades de inmigraci\u00f3n:<\/p>\n<ol>\n<li><strong>Experiencia y conocimientos:<\/strong>\u00a0Nuestro equipo de abogados especializados en inmigraci\u00f3n cuenta con una amplia experiencia y conocimientos en todas las \u00e1reas del derecho de inmigraci\u00f3n. Nos mantenemos al d\u00eda con los \u00faltimos avances en la ley de inmigraci\u00f3n y utilizamos nuestros conocimientos para proporcionar el mejor asesoramiento jur\u00eddico posible y la representaci\u00f3n de nuestros clientes.<\/li>\n<li><strong>Atenci\u00f3n personalizada:<\/strong>\u00a0Entendemos que cada caso es \u00fanico, y proporcionamos atenci\u00f3n personalizada a cada cliente. Nos tomamos el tiempo para entender su situaci\u00f3n y desarrollar una estrategia que se adapte a sus necesidades y objetivos.<\/li>\n<li><strong>Comunicaci\u00f3n eficaz:<\/strong>\u00a0Creemos que la comunicaci\u00f3n efectiva es esencial para lograr resultados exitosos en los casos de inmigraci\u00f3n. Mantenemos a nuestros clientes informados en cada paso del camino, y siempre estamos disponibles para responder preguntas y abordar inquietudes.<\/li>\n<li><strong>Representaci\u00f3n compasiva:<\/strong>\u00a0Entendemos los desaf\u00edos y las emociones que vienen con las cuestiones de inmigraci\u00f3n. Proporcionamos representaci\u00f3n compasiva a nuestros clientes, ayud\u00e1ndoles a navegar el proceso con empat\u00eda y comprensi\u00f3n.<\/li>\n<li><strong>Servicios asequibles:<\/strong>\u00a0Creemos que todo el mundo merece tener acceso a una representaci\u00f3n legal de calidad, independientemente de su situaci\u00f3n financiera. Es por eso que ofrecemos servicios asequibles y opciones de pago flexibles a nuestros clientes.<\/li>\n<\/ol>\n<p>Si usted est\u00e1 buscando uno de los mejores abogados de inmigraci\u00f3n en Queens New York, no busque m\u00e1s all\u00e1 de Oltarsh &amp; Associates, P.C. Estamos dedicados a ayudar a nuestros clientes a alcanzar sus metas de inmigraci\u00f3n, y trabajaremos incansablemente para asegurar el mejor resultado posible para usted y su familia.<\/p>\n<p>Ll\u00e1menos hoy al 212-944-9420 para programar una consulta gratuita en nuestra oficina. Esperamos tener la oportunidad de servirle.<\/p>","protected":false},"excerpt":{"rendered":"<p>Queens is the largest borough in New York City by area and is second in population only to Brooklyn. It has a diverse and lively community, enriched by a long history of immigration. This history has played a significant role in shaping the growth and development of the city&#8217;s economy. With a large immigrant population, [&hellip;]<\/p>\n","protected":false},"author":1,"featured_media":0,"parent":0,"menu_order":0,"comment_status":"closed","ping_status":"closed","template":"","meta":{"footnotes":""},"class_list":["post-4969","page","type-page","status-publish","hentry"],"yoast_head":"<!-- This site is optimized with the Yoast SEO Premium plugin v27.3 (Yoast SEO v27.3) - https:\/\/yoast.com\/product\/yoast-seo-premium-wordpress\/ -->\n<title>Choosing the Right Immigration Lawyer in Queens | Oltarsh &amp; Associates<\/title>\n<meta name=\"description\" content=\"Looking for an experienced immigration lawyer in Queens? Discover how to choose the best legal representation for your immigration needs.\" \/>\n<meta name=\"robots\" content=\"index, follow, max-snippet:-1, max-image-preview:large, max-video-preview:-1\" \/>\n<link rel=\"canonical\" href=\"https:\/\/www.oltarsh.com\/es\/queens-abogado-de-inmigracion\/\" \/>\n<meta property=\"og:locale\" content=\"es_ES\" \/>\n<meta property=\"og:type\" content=\"article\" \/>\n<meta property=\"og:title\" content=\"Immigration Lawyer in Queens\" \/>\n<meta property=\"og:description\" content=\"Queens is the largest borough in New York City by area and is second in population only to Brooklyn. It has a diverse and lively community, enriched by a\" \/>\n<meta property=\"og:url\" content=\"https:\/\/www.oltarsh.com\/es\/queens-abogado-de-inmigracion\/\" \/>\n<meta property=\"og:site_name\" content=\"Oltarsh &amp; Associates\" \/>\n<meta property=\"article:publisher\" content=\"https:\/\/www.facebook.com\/Oltarsh\" \/>\n<meta property=\"article:modified_time\" content=\"2025-01-09T12:30:15+00:00\" \/>\n<meta property=\"og:image\" content=\"https:\/\/www.oltarsh.com\/wp-content\/uploads\/2023\/03\/Immigration-Lawyer-in-Queens.jpeg\" \/>\n\t<meta property=\"og:image:width\" content=\"1280\" \/>\n\t<meta property=\"og:image:height\" content=\"852\" \/>\n\t<meta property=\"og:image:type\" content=\"image\/jpeg\" \/>\n<meta name=\"twitter:card\" content=\"summary_large_image\" \/>\n<meta name=\"twitter:label1\" content=\"Est. reading time\" \/>\n\t<meta name=\"twitter:data1\" content=\"6 minutos\" \/>\n<!-- \/ Yoast SEO Premium plugin. -->","yoast_head_json":{"title":"Elegir el abogado de inmigraci\u00f3n adecuado en Queens | Oltarsh &amp; Associates","description":"\u00bfBusca un abogado de inmigraci\u00f3n con experiencia en Queens? Descubra c\u00f3mo elegir la mejor representaci\u00f3n legal para sus necesidades de inmigraci\u00f3n.","robots":{"index":"index","follow":"follow","max-snippet":"max-snippet:-1","max-image-preview":"max-image-preview:large","max-video-preview":"max-video-preview:-1"},"canonical":"https:\/\/www.oltarsh.com\/es\/queens-abogado-de-inmigracion\/","og_locale":"es_ES","og_type":"article","og_title":"Immigration Lawyer in Queens","og_description":"Queens is the largest borough in New York City by area and is second in population only to Brooklyn. It has a diverse and lively community, enriched by a","og_url":"https:\/\/www.oltarsh.com\/es\/queens-abogado-de-inmigracion\/","og_site_name":"Oltarsh &amp; Associates","article_publisher":"https:\/\/www.facebook.com\/Oltarsh","article_modified_time":"2025-01-09T12:30:15+00:00","og_image":[{"width":1280,"height":852,"url":"https:\/\/www.oltarsh.com\/wp-content\/uploads\/2023\/03\/Immigration-Lawyer-in-Queens.jpeg","type":"image\/jpeg"}],"twitter_card":"summary_large_image","twitter_misc":{"Est. reading time":"6 minutos"},"schema":{"@context":"https:\/\/schema.org","@graph":[{"@type":"WebPage","@id":"https:\/\/www.oltarsh.com\/queens-immigration-lawyer\/","url":"https:\/\/www.oltarsh.com\/queens-immigration-lawyer\/","name":"Elegir el abogado de inmigraci\u00f3n adecuado en Queens | Oltarsh &amp; Associates","isPartOf":{"@id":"https:\/\/www.oltarsh.com\/#website"},"primaryImageOfPage":{"@id":"https:\/\/www.oltarsh.com\/queens-immigration-lawyer\/#primaryimage"},"image":{"@id":"https:\/\/www.oltarsh.com\/queens-immigration-lawyer\/#primaryimage"},"thumbnailUrl":"https:\/\/www.oltarsh.com\/wp-content\/uploads\/2023\/03\/Immigration-Lawyer-in-Queens.jpeg","datePublished":"2019-05-28T17:23:00+00:00","dateModified":"2025-01-09T12:30:15+00:00","description":"\u00bfBusca un abogado de inmigraci\u00f3n con experiencia en Queens? Descubra c\u00f3mo elegir la mejor representaci\u00f3n legal para sus necesidades de inmigraci\u00f3n.","breadcrumb":{"@id":"https:\/\/www.oltarsh.com\/queens-immigration-lawyer\/#breadcrumb"},"inLanguage":"es","potentialAction":[{"@type":"ReadAction","target":["https:\/\/www.oltarsh.com\/queens-immigration-lawyer\/"]}]},{"@type":"ImageObject","inLanguage":"es","@id":"https:\/\/www.oltarsh.com\/queens-immigration-lawyer\/#primaryimage","url":"https:\/\/www.oltarsh.com\/wp-content\/uploads\/2023\/03\/Immigration-Lawyer-in-Queens.jpeg","contentUrl":"https:\/\/www.oltarsh.com\/wp-content\/uploads\/2023\/03\/Immigration-Lawyer-in-Queens.jpeg"},{"@type":"BreadcrumbList","@id":"https:\/\/www.oltarsh.com\/queens-immigration-lawyer\/#breadcrumb","itemListElement":[{"@type":"ListItem","position":1,"name":"Home","item":"https:\/\/www.oltarsh.com\/"},{"@type":"ListItem","position":2,"name":"Immigration Lawyer in Queens"}]},{"@type":"WebSite","@id":"https:\/\/www.oltarsh.com\/#website","url":"https:\/\/www.oltarsh.com\/","name":"Oltarsh &amp; Associates, P.C.","description":"Su abogado de inmigraci\u00f3n de confianza New York","publisher":{"@id":"https:\/\/www.oltarsh.com\/#organization"},"alternateName":"Oltarsh & Associates","potentialAction":[{"@type":"SearchAction","target":{"@type":"EntryPoint","urlTemplate":"https:\/\/www.oltarsh.com\/?s={search_term_string}"},"query-input":{"@type":"PropertyValueSpecification","valueRequired":true,"valueName":"search_term_string"}}],"inLanguage":"es"},{"@type":"Organization","@id":"https:\/\/www.oltarsh.com\/#organization","name":"Oltarsh &amp; Associates, P.C.","alternateName":"Oltarsh & Associates","url":"https:\/\/www.oltarsh.com\/","logo":{"@type":"ImageObject","inLanguage":"es","@id":"https:\/\/www.oltarsh.com\/#\/schema\/logo\/image\/","url":"https:\/\/www.oltarsh.com\/wp-content\/uploads\/2018\/06\/logo.png","contentUrl":"https:\/\/www.oltarsh.com\/wp-content\/uploads\/2018\/06\/logo.png","width":476,"height":72,"caption":"Oltarsh & Associates, P.C."},"image":{"@id":"https:\/\/www.oltarsh.com\/#\/schema\/logo\/image\/"},"sameAs":["https:\/\/www.facebook.com\/Oltarsh","https:\/\/www.linkedin.com\/company\/oltarsh-and-associates\/"],"description":"Oltarsh &amp; Associates P.C., una de las principales firmas de abogados de inmigraci\u00f3n de EE.UU., cuenta con m\u00e1s de 50 a\u00f1os de servicio sin igual. Prestando servicios en todo el pa\u00eds, manejamos con pericia asuntos complejos de inmigraci\u00f3n, tales como la representaci\u00f3n multifac\u00e9tica de negocios, exenciones, visas de trabajo, residencia permanente, rebasamiento de visas y defensa contra la deportaci\u00f3n. Como renombrados abogados de inmigraci\u00f3n en la ciudad de New York, atendemos diversas necesidades, desde la ley de inmigraci\u00f3n familiar hasta visas de trabajo, solicitudes de tarjeta verde y asistencia para la ciudadan\u00eda. Situado en el centro de Nueva York, nos esforzamos para obtener resultados \u00f3ptimos en la ley de inmigraci\u00f3n de EE.UU.. Si usted est\u00e1 buscando \"los mejores abogados de inmigraci\u00f3n en los EE.UU.\", \"EE.UU. abogado de inmigraci\u00f3n\", o \"abogados de defensa de deportaci\u00f3n\", considere nuestro equipo competente y compasivo.","email":"info@oltarsh.com","telephone":"(212) 944-9420","legalName":"Oltarsh & Associates, P.C.","foundingDate":"2001-01-01","numberOfEmployees":{"@type":"QuantitativeValue","minValue":"11","maxValue":"50"}}]}},"_links":{"self":[{"href":"https:\/\/www.oltarsh.com\/es\/wp-json\/wp\/v2\/pages\/4969","targetHints":{"allow":["GET"]}}],"collection":[{"href":"https:\/\/www.oltarsh.com\/es\/wp-json\/wp\/v2\/pages"}],"about":[{"href":"https:\/\/www.oltarsh.com\/es\/wp-json\/wp\/v2\/types\/page"}],"author":[{"embeddable":true,"href":"https:\/\/www.oltarsh.com\/es\/wp-json\/wp\/v2\/users\/1"}],"replies":[{"embeddable":true,"href":"https:\/\/www.oltarsh.com\/es\/wp-json\/wp\/v2\/comments?post=4969"}],"version-history":[{"count":0,"href":"https:\/\/www.oltarsh.com\/es\/wp-json\/wp\/v2\/pages\/4969\/revisions"}],"wp:attachment":[{"href":"https:\/\/www.oltarsh.com\/es\/wp-json\/wp\/v2\/media?parent=4969"}],"curies":[{"name":"wp","href":"https:\/\/api.w.org\/{rel}","templated":true}]}}