{"id":4956,"date":"2019-05-07T15:39:41","date_gmt":"2019-05-07T15:39:41","guid":{"rendered":"https:\/\/www.oltarsh.com\/?page_id=4956"},"modified":"2023-12-28T16:15:51","modified_gmt":"2023-12-28T16:15:51","slug":"brooklyn-abogado-de-inmigracion","status":"publish","type":"page","link":"https:\/\/www.oltarsh.com\/es\/brooklyn-immigration-lawyer\/","title":{"rendered":"Abogado de Inmigraci\u00f3n en Brooklyn"},"content":{"rendered":"<p>Con una poblaci\u00f3n de m\u00e1s de 2,6 millones de habitantes, Brooklyn, New York, es un municipio bullicioso y diverso que ofrece a sus residentes una amplia gama de oportunidades de entretenimiento, compras y empleo. Para los inmigrantes que buscan un ambiente acogedor y un refugio seguro en Estados Unidos, Brooklyn es la elecci\u00f3n perfecta.<\/p>\n<p>Sin embargo, asegurar los servicios del mejor abogado de inmigraci\u00f3n en Brooklyn es esencial para garantizar la residencia legal de los inmigrantes y sus familias. En Oltarsh &amp; Associates, P.C., nos dedicamos a resolver problemas de visados e inmigraci\u00f3n en su nombre, garantizando la presencia legal y segura de su familia en los Estados Unidos.<\/p>\n<p><img loading=\"lazy\" decoding=\"async\" class=\"alignnone size-full wp-image-5721\" src=\"https:\/\/www.oltarsh.com\/wp-content\/uploads\/2023\/03\/Immigration-Lawyer-in-Brooklyn.jpeg\" alt=\"Abogado de Inmigraci\u00f3n en Brooklyn\" width=\"1280\" height=\"857\" srcset=\"https:\/\/www.oltarsh.com\/wp-content\/uploads\/2023\/03\/Immigration-Lawyer-in-Brooklyn.jpeg 1280w, https:\/\/www.oltarsh.com\/wp-content\/uploads\/2023\/03\/Immigration-Lawyer-in-Brooklyn-300x201.jpeg 300w, https:\/\/www.oltarsh.com\/wp-content\/uploads\/2023\/03\/Immigration-Lawyer-in-Brooklyn-1024x686.jpeg 1024w, https:\/\/www.oltarsh.com\/wp-content\/uploads\/2023\/03\/Immigration-Lawyer-in-Brooklyn-768x514.jpeg 768w\" sizes=\"auto, (max-width: 1280px) 100vw, 1280px\" \/><\/p>\n<h3><b>Navegar desaf\u00edos de inmigraci\u00f3n con el mejor abogado de inmigraci\u00f3n Brooklyn<\/b><\/h3>\n<p>La elecci\u00f3n de un abogado de inmigraci\u00f3n cualificado y de buena reputaci\u00f3n en Brooklyn es fundamental para superar con \u00e9xito los numerosos retos del proceso de inmigraci\u00f3n.<\/p>\n<p>Su abogado evaluar\u00e1 minuciosamente su situaci\u00f3n actual y le ofrecer\u00e1 una asistencia \u00f3ptima en caso de que su visado se quede m\u00e1s tiempo del permitido, para obtener la tarjeta de residencia para usted o para los miembros de su familia, y para hacer frente a las medidas desfavorables adoptadas por el Servicio de Inmigraci\u00f3n y Control de Aduanas o el\u00a0<a href=\"https:\/\/www.oltarsh.com\/es\/practica\/ciudadania\/\" target=\"_blank\" rel=\"noopener noreferrer\">Ciudadan\u00eda estadounidense<\/a>\u00a0y Servicios de Inmigraci\u00f3n. El experimentado equipo de Oltarsh &amp; Associates, P.C. se compromete a ofrecerle la orientaci\u00f3n experta que necesita para resolver los problemas de forma r\u00e1pida y positiva, d\u00e1ndole tranquilidad durante todo el proceso.<\/p>\n<h3><b>Superar los obst\u00e1culos de inmigraci\u00f3n con el abogado de inmigraci\u00f3n adecuado Brooklyn\u00a0<\/b><\/h3>\n<p>Para las familias que carecen de la documentaci\u00f3n adecuada para la residencia en los Estados Unidos, asociarse con el mejor abogado de inmigraci\u00f3n en Brooklyn es crucial. Su abogado le apoyar\u00e1 proactivamente en la resoluci\u00f3n de los problemas de visado y se asegurar\u00e1 de que usted y su familia tengan la mayor oportunidad de lograr la residencia permanente.<\/p>\n<p>Adem\u00e1s, su abogado identificar\u00e1 la estrategia m\u00e1s eficaz para obtener la ciudadan\u00eda o permisos de trabajo para usted o los miembros de su familia, ayudando a asegurar el resultado m\u00e1s favorable para su situaci\u00f3n de inmigraci\u00f3n. Con un profundo conocimiento de las complejas leyes y reglamentos de inmigraci\u00f3n, un abogado experto y competente puede marcar la diferencia en su camino hacia la residencia legal.<\/p>\n<h3><b>Qu\u00e9 puede esperar de su abogado de inmigraci\u00f3n en Brooklyn<\/b><\/h3>\n<p>Cuando usted trabaja con un abogado de inmigraci\u00f3n en Brooklyn, usted puede anticipar recibir atenci\u00f3n personalizada y soluciones personalizadas a sus preocupaciones de inmigraci\u00f3n. Su abogado dedicar\u00e1 tiempo a comprender las complejidades de su caso, examinar las leyes y reglamentos pertinentes y dise\u00f1ar una estrategia coherente con sus objetivos.<\/p>\n<p>Aqu\u00ed hay varias maneras en que un abogado de inmigraci\u00f3n en Brooklyn puede ayudarle:<\/p>\n<ol>\n<li style=\"font-weight: 400;\" aria-level=\"1\"><span style=\"font-weight: 400;\">Ofrecer asesoramiento y orientaci\u00f3n jur\u00eddicos: La ley de inmigraci\u00f3n es compleja, y tratar de navegar por ella sin asistencia legal puede ser desalentador. Un abogado de inmigraci\u00f3n en Brooklyn puede proporcionar el asesoramiento jur\u00eddico y la direcci\u00f3n que necesita para comprender sus opciones, tomar decisiones bien informadas, y el progreso hacia la realizaci\u00f3n de sus objetivos.<\/span><\/li>\n<li style=\"font-weight: 400;\" aria-level=\"1\"><span style=\"font-weight: 400;\">Preparar y presentar la documentaci\u00f3n: El proceso de inmigraci\u00f3n conlleva mucho papeleo, e incluso peque\u00f1os errores pueden provocar retrasos considerables o el rechazo de la solicitud. Su abogado de inmigraci\u00f3n en Brooklyn puede ayudarle a preparar y presentar su documentaci\u00f3n con precisi\u00f3n y rapidez, asegur\u00e1ndose de que su solicitud sea completa y cumpla todos los criterios necesarios.<\/span><\/li>\n<li style=\"font-weight: 400;\" aria-level=\"1\"><span style=\"font-weight: 400;\">Representarle en interacciones con organismos gubernamentales: Interactuar con organismos gubernamentales como ICE y <a href=\"https:\/\/www.uscis.gov\/about-us\" target=\"_blank\" rel=\"noopener\">USCIS<\/a> puede ser abrumador y angustioso. Su abogado de inmigraci\u00f3n en Brooklyn puede actuar como su representante en todas las interacciones con estas organizaciones, ofreciendo una salvaguardia adicional y garantizando la protecci\u00f3n de sus derechos.<\/span><\/li>\n<li style=\"font-weight: 400;\" aria-level=\"1\"><span style=\"font-weight: 400;\">Ayuda para evitar la detenci\u00f3n y la deportaci\u00f3n: Si se enfrenta a la detenci\u00f3n o deportaci\u00f3n, un abogado de inmigraci\u00f3n en Brooklyn puede ayudarle a evitar estos resultados. Su abogado puede colaborar con usted para crear una estrategia que aborde los problemas subyacentes y trabaje para obtener el resultado m\u00e1s favorable.<\/span><\/li>\n<li>Apoyo en asuntos de inmigraci\u00f3n familiar: Si tiene familiares que desean inmigrar a Estados Unidos, un abogado de inmigraci\u00f3n puede ayudarle con los asuntos de inmigraci\u00f3n familiar. Su abogado puede guiarle a trav\u00e9s del intrincado proceso de adquisici\u00f3n de visados, tarjetas de residencia y otros beneficios de inmigraci\u00f3n para sus familiares.<\/li>\n<\/ol>\n<p><img loading=\"lazy\" decoding=\"async\" class=\"alignnone size-full wp-image-5722\" src=\"https:\/\/www.oltarsh.com\/wp-content\/uploads\/2023\/03\/Immigration-Challenges-with-The-Best-Brooklyn-Immigration-Lawyer.jpeg\" alt=\"Desaf\u00edos de inmigraci\u00f3n con el mejor abogado de inmigraci\u00f3n Brooklyn\" width=\"1280\" height=\"854\" srcset=\"https:\/\/www.oltarsh.com\/wp-content\/uploads\/2023\/03\/Immigration-Challenges-with-The-Best-Brooklyn-Immigration-Lawyer.jpeg 1280w, https:\/\/www.oltarsh.com\/wp-content\/uploads\/2023\/03\/Immigration-Challenges-with-The-Best-Brooklyn-Immigration-Lawyer-300x200.jpeg 300w, https:\/\/www.oltarsh.com\/wp-content\/uploads\/2023\/03\/Immigration-Challenges-with-The-Best-Brooklyn-Immigration-Lawyer-1024x683.jpeg 1024w, https:\/\/www.oltarsh.com\/wp-content\/uploads\/2023\/03\/Immigration-Challenges-with-The-Best-Brooklyn-Immigration-Lawyer-768x512.jpeg 768w\" sizes=\"auto, (max-width: 1280px) 100vw, 1280px\" \/><\/p>\n<h2><b>\u00bfPor qu\u00e9 elegir Oltarsh &amp; Associates, P.C.?<\/b><\/h2>\n<p><span style=\"font-weight: 400;\">Oltarsh &amp; Associates, P.C., un bufete de abogados de inmigraci\u00f3n l\u00edder en la regi\u00f3n New York, est\u00e1 profundamente comprometido a colaborar con las familias a trav\u00e9s de la ciudad New York y el estado, esforz\u00e1ndose por lograr resultados \u00f3ptimos para nuestros clientes. Nuestro equipo de abogados compasivos y competentes se mantiene firme en su dedicaci\u00f3n a la defensa de su derecho a permanecer en los Estados Unidos.<\/span><\/p>\n<p><span style=\"font-weight: 400;\">He aqu\u00ed algunas razones por las que deber\u00eda elegirnos para sus necesidades de inmigraci\u00f3n:<\/span><\/p>\n<ol>\n<li style=\"font-weight: 400;\" aria-level=\"1\"><span style=\"font-weight: 400;\">Nuestro equipo de abogados de inmigraci\u00f3n en Brooklyn cuenta con amplia experiencia y conocimientos en todos los aspectos de la ley de inmigraci\u00f3n. Nos mantenemos al d\u00eda de los \u00faltimos avances en este campo y utilizamos nuestros conocimientos para ofrecer a nuestros clientes la mejor orientaci\u00f3n y representaci\u00f3n legal posible.<\/span><\/li>\n<li style=\"font-weight: 400;\" aria-level=\"1\"><span style=\"font-weight: 400;\">Entendemos que cada caso es \u00fanico, y como tal, ofrecemos atenci\u00f3n personalizada a cada cliente. Dedicamos tiempo a comprender su situaci\u00f3n y a formular una estrategia que se ajuste a sus objetivos y necesidades.<\/span><\/li>\n<li style=\"font-weight: 400;\" aria-level=\"1\"><span style=\"font-weight: 400;\">Creemos que la comunicaci\u00f3n efectiva es crucial para lograr resultados favorables en los casos de inmigraci\u00f3n. Por lo tanto, mantenemos a nuestros clientes informados durante todo el proceso, y nuestro equipo est\u00e1 siempre disponible para atender sus preguntas y preocupaciones.<\/span><\/li>\n<li style=\"font-weight: 400;\" aria-level=\"1\"><span style=\"font-weight: 400;\">Sentimos empat\u00eda con los retos y emociones asociados con los asuntos de inmigraci\u00f3n. En consecuencia, proporcionamos representaci\u00f3n compasiva a nuestros clientes, ayud\u00e1ndoles con sensibilidad y comprensi\u00f3n.<\/span><\/li>\n<li style=\"font-weight: 400;\" aria-level=\"1\"><span style=\"font-weight: 400;\">Creemos firmemente que la representaci\u00f3n legal de calidad debe ser accesible a todos, independientemente de su situaci\u00f3n financiera. Por lo tanto, ofrecemos servicios rentables y opciones de pago flexibles a nuestros clientes.<\/span><\/li>\n<\/ol>\n<p><span style=\"font-weight: 400;\">Si est\u00e1 buscando un abogado de inmigraci\u00f3n compasivo y competente en Brooklyn, entonces Oltarsh &amp; Associates, P.C., es su soluci\u00f3n integral. Estamos comprometidos a ayudar a nuestros clientes a alcanzar sus metas de inmigraci\u00f3n y trabajaremos incansablemente para asegurar los resultados m\u00e1s favorables para usted y sus seres queridos. P\u00f3ngase en contacto con nosotros hoy en 212-944-9420 para programar una consulta gratuita en nuestra oficina. Estamos ansiosos por servirle.<\/span><\/p>","protected":false},"excerpt":{"rendered":"<p>Boasting a population of over 2.6 million, Brooklyn, New York, is a bustling and diverse borough that provides a vast array of entertainment, shopping, and employment opportunities for its residents. For immigrants seeking a welcoming atmosphere and safe haven in the United States, Brooklyn is the perfect choice. However, securing the services of the best [&hellip;]<\/p>\n","protected":false},"author":1,"featured_media":0,"parent":0,"menu_order":0,"comment_status":"closed","ping_status":"closed","template":"","meta":{"footnotes":""},"class_list":["post-4956","page","type-page","status-publish","hentry"],"yoast_head":"<!-- This site is optimized with the Yoast SEO Premium plugin v27.3 (Yoast SEO v27.3) - https:\/\/yoast.com\/product\/yoast-seo-premium-wordpress\/ -->\n<title>Immigration Lawyer in Brooklyn | Oltarsh &amp; Associates<\/title>\n<meta name=\"description\" content=\"Find the best immigration lawyer in Brooklyn at Oltarsh &amp; Associates, P.C., providing guidance for visa, Green Card, and family immigration.\" \/>\n<meta name=\"robots\" content=\"index, follow, max-snippet:-1, max-image-preview:large, max-video-preview:-1\" \/>\n<link rel=\"canonical\" href=\"https:\/\/www.oltarsh.com\/es\/brooklyn-abogado-de-inmigracion\/\" \/>\n<meta property=\"og:locale\" content=\"es_ES\" \/>\n<meta property=\"og:type\" content=\"article\" \/>\n<meta property=\"og:title\" content=\"Immigration Lawyer in Brooklyn\" \/>\n<meta property=\"og:description\" content=\"Boasting a population of over 2.6 million, Brooklyn, New York, is a bustling and diverse borough that provides a vast array of entertainment, shopping,\" \/>\n<meta property=\"og:url\" content=\"https:\/\/www.oltarsh.com\/es\/brooklyn-abogado-de-inmigracion\/\" \/>\n<meta property=\"og:site_name\" content=\"Oltarsh &amp; Associates\" \/>\n<meta property=\"article:publisher\" content=\"https:\/\/www.facebook.com\/Oltarsh\" \/>\n<meta property=\"article:modified_time\" content=\"2023-12-28T16:15:51+00:00\" \/>\n<meta property=\"og:image\" content=\"https:\/\/www.oltarsh.com\/wp-content\/uploads\/2023\/03\/Immigration-Lawyer-in-Brooklyn.jpeg\" \/>\n<meta name=\"twitter:card\" content=\"summary_large_image\" \/>\n<meta name=\"twitter:label1\" content=\"Est. reading time\" \/>\n\t<meta name=\"twitter:data1\" content=\"5 minutos\" \/>\n<!-- \/ Yoast SEO Premium plugin. -->","yoast_head_json":{"title":"Immigration Lawyer in Brooklyn | Oltarsh &amp; Associates","description":"Encuentre el mejor abogado de inmigraci\u00f3n en Brooklyn en Oltarsh &amp; Associates, P.C., proporcionando orientaci\u00f3n para la visa, Green Card, y la inmigraci\u00f3n familiar.","robots":{"index":"index","follow":"follow","max-snippet":"max-snippet:-1","max-image-preview":"max-image-preview:large","max-video-preview":"max-video-preview:-1"},"canonical":"https:\/\/www.oltarsh.com\/es\/brooklyn-abogado-de-inmigracion\/","og_locale":"es_ES","og_type":"article","og_title":"Immigration Lawyer in Brooklyn","og_description":"Boasting a population of over 2.6 million, Brooklyn, New York, is a bustling and diverse borough that provides a vast array of entertainment, shopping,","og_url":"https:\/\/www.oltarsh.com\/es\/brooklyn-abogado-de-inmigracion\/","og_site_name":"Oltarsh &amp; Associates","article_publisher":"https:\/\/www.facebook.com\/Oltarsh","article_modified_time":"2023-12-28T16:15:51+00:00","og_image":[{"url":"https:\/\/www.oltarsh.com\/wp-content\/uploads\/2023\/03\/Immigration-Lawyer-in-Brooklyn.jpeg","type":"","width":"","height":""}],"twitter_card":"summary_large_image","twitter_misc":{"Est. reading time":"5 minutos"},"schema":{"@context":"https:\/\/schema.org","@graph":[{"@type":"WebPage","@id":"https:\/\/www.oltarsh.com\/brooklyn-immigration-lawyer\/","url":"https:\/\/www.oltarsh.com\/brooklyn-immigration-lawyer\/","name":"Immigration Lawyer in Brooklyn | Oltarsh &amp; Associates","isPartOf":{"@id":"https:\/\/www.oltarsh.com\/#website"},"primaryImageOfPage":{"@id":"https:\/\/www.oltarsh.com\/brooklyn-immigration-lawyer\/#primaryimage"},"image":{"@id":"https:\/\/www.oltarsh.com\/brooklyn-immigration-lawyer\/#primaryimage"},"thumbnailUrl":"https:\/\/www.oltarsh.com\/wp-content\/uploads\/2023\/03\/Immigration-Lawyer-in-Brooklyn.jpeg","datePublished":"2019-05-07T15:39:41+00:00","dateModified":"2023-12-28T16:15:51+00:00","description":"Encuentre el mejor abogado de inmigraci\u00f3n en Brooklyn en Oltarsh &amp; Associates, P.C., proporcionando orientaci\u00f3n para la visa, Green Card, y la inmigraci\u00f3n familiar.","breadcrumb":{"@id":"https:\/\/www.oltarsh.com\/brooklyn-immigration-lawyer\/#breadcrumb"},"inLanguage":"es","potentialAction":[{"@type":"ReadAction","target":["https:\/\/www.oltarsh.com\/brooklyn-immigration-lawyer\/"]}]},{"@type":"ImageObject","inLanguage":"es","@id":"https:\/\/www.oltarsh.com\/brooklyn-immigration-lawyer\/#primaryimage","url":"https:\/\/www.oltarsh.com\/wp-content\/uploads\/2023\/03\/Immigration-Lawyer-in-Brooklyn.jpeg","contentUrl":"https:\/\/www.oltarsh.com\/wp-content\/uploads\/2023\/03\/Immigration-Lawyer-in-Brooklyn.jpeg"},{"@type":"BreadcrumbList","@id":"https:\/\/www.oltarsh.com\/brooklyn-immigration-lawyer\/#breadcrumb","itemListElement":[{"@type":"ListItem","position":1,"name":"Home","item":"https:\/\/www.oltarsh.com\/"},{"@type":"ListItem","position":2,"name":"Immigration Lawyer in Brooklyn"}]},{"@type":"WebSite","@id":"https:\/\/www.oltarsh.com\/#website","url":"https:\/\/www.oltarsh.com\/","name":"Oltarsh &amp; Associates, P.C.","description":"Su abogado de inmigraci\u00f3n de confianza New York","publisher":{"@id":"https:\/\/www.oltarsh.com\/#organization"},"alternateName":"Oltarsh & Associates","potentialAction":[{"@type":"SearchAction","target":{"@type":"EntryPoint","urlTemplate":"https:\/\/www.oltarsh.com\/?s={search_term_string}"},"query-input":{"@type":"PropertyValueSpecification","valueRequired":true,"valueName":"search_term_string"}}],"inLanguage":"es"},{"@type":"Organization","@id":"https:\/\/www.oltarsh.com\/#organization","name":"Oltarsh &amp; Associates, P.C.","alternateName":"Oltarsh & Associates","url":"https:\/\/www.oltarsh.com\/","logo":{"@type":"ImageObject","inLanguage":"es","@id":"https:\/\/www.oltarsh.com\/#\/schema\/logo\/image\/","url":"https:\/\/www.oltarsh.com\/wp-content\/uploads\/2018\/06\/logo.png","contentUrl":"https:\/\/www.oltarsh.com\/wp-content\/uploads\/2018\/06\/logo.png","width":476,"height":72,"caption":"Oltarsh & Associates, P.C."},"image":{"@id":"https:\/\/www.oltarsh.com\/#\/schema\/logo\/image\/"},"sameAs":["https:\/\/www.facebook.com\/Oltarsh","https:\/\/www.linkedin.com\/company\/oltarsh-and-associates\/"],"description":"Oltarsh &amp; Associates P.C., una de las principales firmas de abogados de inmigraci\u00f3n de EE.UU., cuenta con m\u00e1s de 50 a\u00f1os de servicio sin igual. Prestando servicios en todo el pa\u00eds, manejamos con pericia asuntos complejos de inmigraci\u00f3n, tales como la representaci\u00f3n multifac\u00e9tica de negocios, exenciones, visas de trabajo, residencia permanente, rebasamiento de visas y defensa contra la deportaci\u00f3n. Como renombrados abogados de inmigraci\u00f3n en la ciudad de New York, atendemos diversas necesidades, desde la ley de inmigraci\u00f3n familiar hasta visas de trabajo, solicitudes de tarjeta verde y asistencia para la ciudadan\u00eda. Situado en el centro de Nueva York, nos esforzamos para obtener resultados \u00f3ptimos en la ley de inmigraci\u00f3n de EE.UU.. Si usted est\u00e1 buscando \"los mejores abogados de inmigraci\u00f3n en los EE.UU.\", \"EE.UU. abogado de inmigraci\u00f3n\", o \"abogados de defensa de deportaci\u00f3n\", considere nuestro equipo competente y compasivo.","email":"info@oltarsh.com","telephone":"(212) 944-9420","legalName":"Oltarsh & Associates, P.C.","foundingDate":"2001-01-01","numberOfEmployees":{"@type":"QuantitativeValue","minValue":"11","maxValue":"50"}}]}},"_links":{"self":[{"href":"https:\/\/www.oltarsh.com\/es\/wp-json\/wp\/v2\/pages\/4956","targetHints":{"allow":["GET"]}}],"collection":[{"href":"https:\/\/www.oltarsh.com\/es\/wp-json\/wp\/v2\/pages"}],"about":[{"href":"https:\/\/www.oltarsh.com\/es\/wp-json\/wp\/v2\/types\/page"}],"author":[{"embeddable":true,"href":"https:\/\/www.oltarsh.com\/es\/wp-json\/wp\/v2\/users\/1"}],"replies":[{"embeddable":true,"href":"https:\/\/www.oltarsh.com\/es\/wp-json\/wp\/v2\/comments?post=4956"}],"version-history":[{"count":0,"href":"https:\/\/www.oltarsh.com\/es\/wp-json\/wp\/v2\/pages\/4956\/revisions"}],"wp:attachment":[{"href":"https:\/\/www.oltarsh.com\/es\/wp-json\/wp\/v2\/media?parent=4956"}],"curies":[{"name":"wp","href":"https:\/\/api.w.org\/{rel}","templated":true}]}}