{"id":4953,"date":"2019-05-07T15:32:19","date_gmt":"2019-05-07T15:32:19","guid":{"rendered":"https:\/\/www.oltarsh.com\/?page_id=4953"},"modified":"2023-03-27T15:33:39","modified_gmt":"2023-03-27T15:33:39","slug":"abogado-de-inmigracion-en-manhattan","status":"publish","type":"page","link":"https:\/\/www.oltarsh.com\/es\/manhattan-immigration-lawyer\/","title":{"rendered":"Abogado de Inmigraci\u00f3n en Manhattan"},"content":{"rendered":"<p><span style=\"font-weight: 400;\">Manhattan, el distrito m\u00e1s densamente poblado de la ciudad de New York, tiene m\u00e1s de 1.660.000 habitantes. Como puerta hist\u00f3rica para los inmigrantes, Manhattan sigue desempe\u00f1ando un papel esencial en la acogida de los reci\u00e9n llegados a Estados Unidos. Para aquellos que buscan la residencia legal, es crucial contratar a un abogado de inmigraci\u00f3n bien informado en Manhattan para asegurar el mejor resultado posible. En Oltarsh &amp; Associates, P.C., proporcionamos apoyo legal pr\u00e1ctico a los inmigrantes mientras navegan por el proceso de obtener una tarjeta verde o convertirse en un <a href=\"https:\/\/www.oltarsh.com\/es\/practica\/ciudadania\/\">Ciudadano estadounidense<\/a>.<\/span><\/p>\n<p><img loading=\"lazy\" decoding=\"async\" class=\"alignnone size-full wp-image-5724\" src=\"https:\/\/www.oltarsh.com\/wp-content\/uploads\/2023\/03\/Trusted-Immigration-Lawyer-in-Manhattan.jpeg\" alt=\"Abogado de inmigraci\u00f3n de confianza en Manhattan\" width=\"1280\" height=\"852\" srcset=\"https:\/\/www.oltarsh.com\/wp-content\/uploads\/2023\/03\/Trusted-Immigration-Lawyer-in-Manhattan.jpeg 1280w, https:\/\/www.oltarsh.com\/wp-content\/uploads\/2023\/03\/Trusted-Immigration-Lawyer-in-Manhattan-300x200.jpeg 300w, https:\/\/www.oltarsh.com\/wp-content\/uploads\/2023\/03\/Trusted-Immigration-Lawyer-in-Manhattan-1024x682.jpeg 1024w, https:\/\/www.oltarsh.com\/wp-content\/uploads\/2023\/03\/Trusted-Immigration-Lawyer-in-Manhattan-768x511.jpeg 768w\" sizes=\"auto, (max-width: 1280px) 100vw, 1280px\" \/><\/p>\n<h3><b>La importancia de un abogado de inmigraci\u00f3n de confianza en Manhattan<\/b><\/h3>\n<p><span style=\"font-weight: 400;\">Si usted o un miembro de su familia tiene dificultades con el Servicio de Inmigraci\u00f3n y Control de Aduanas, la Patrulla de Fronteras de EE.UU, <a href=\"https:\/\/www.uscis.gov\/about-us\" target=\"_blank\" rel=\"noopener\">Servicios de Ciudadan\u00eda e Inmigraci\u00f3n de EE.UU.<\/a>Para proteger su capacidad de permanecer en los EE.UU., es vital colaborar con un abogado de inmigraci\u00f3n cualificado en Manhattan. Su abogado trabajar\u00e1 estrechamente con usted para identificar y poner en pr\u00e1ctica la estrategia m\u00e1s eficaz para hacer frente a los retrasos en el visado, las solicitudes de tarjeta verde y las peticiones de asilo. Estos dedicados profesionales del derecho ofrecen las soluciones ideales para su situaci\u00f3n espec\u00edfica.<\/span><\/p>\n<h3><b>Apoyo fiable en procedimientos de deportaci\u00f3n\u00a0<\/b><\/h3>\n<p><span style=\"font-weight: 400;\">En el actual clima pol\u00edtico, los inmigrantes se enfrentan a un mayor riesgo de <a href=\"https:\/\/www.oltarsh.com\/es\/practica\/defensa-contra-la-deportacion\/\">deportaci\u00f3n<\/a> por funcionarios federales. Buscar la ayuda de un abogado de inmigraci\u00f3n de confianza en Manhattan es un primer paso esencial para resolver los problemas que podr\u00edan conducir a la deportaci\u00f3n. Asociarse con el abogado adecuado le ofrece tranquilidad a la hora de tratar con las autoridades federales y salvaguardar sus derechos legales. Su abogado puede ayudarle a abordar una amplia gama de cuestiones relacionadas con la inmigraci\u00f3n, incluida la representaci\u00f3n de sus intereses tanto dentro como fuera de la sala del tribunal.<\/span><\/p>\n<h3><b>Una amplia gama de servicios de inmigraci\u00f3n<\/b><\/h3>\n<p><span style=\"font-weight: 400;\">Como bufete de abogados de inmigraci\u00f3n l\u00edder, Oltarsh &amp; Associates, P.C. ofrece una amplia gama de servicios para atender las diversas necesidades de nuestros clientes, asegurando que podemos hacer frente a cualquier problema relacionado con la inmigraci\u00f3n que pueda surgir como su abogado de inmigraci\u00f3n en Manhattan. Algunos de los servicios que ofrecemos incluyen:<\/span><\/p>\n<ol>\n<li style=\"font-weight: 400;\" aria-level=\"1\"><span style=\"font-weight: 400;\"><strong>Inmigraci\u00f3n basada en la familia:<\/strong> Asistimos a nuestros clientes a traer a sus familiares a los Estados Unidos, ayud\u00e1ndoles a navegar por el complejo proceso de obtenci\u00f3n de visados, tarjetas de residencia y otros beneficios de inmigraci\u00f3n para sus seres queridos.<\/span><\/li>\n<li style=\"font-weight: 400;\" aria-level=\"1\"><span style=\"font-weight: 400;\"><strong>Inmigraci\u00f3n basada en el empleo:<\/strong> Nuestros abogados ayudan a profesionales, inversores y empresarios a obtener los visados y permisos necesarios para trabajar, invertir o crear una empresa en Estados Unidos.<\/span><\/li>\n<li style=\"font-weight: 400;\" aria-level=\"1\"><span style=\"font-weight: 400;\"><strong>Asilo y protecci\u00f3n de los refugiados:<\/strong> Representamos a clientes que solicitan asilo o el estatuto de refugiado en Estados Unidos, defendiendo sus derechos y ayud\u00e1ndoles a navegar por el proceso de solicitud, a menudo complicado.<\/span><\/li>\n<li style=\"font-weight: 400;\" aria-level=\"1\"><span style=\"font-weight: 400;\"><strong>Defensa contra la deportaci\u00f3n:<\/strong> Nuestro equipo trabaja diligentemente para proporcionar una defensa eficaz de deportaci\u00f3n para los clientes que enfrentan procedimientos de expulsi\u00f3n, utilizando diversas estrategias para ayudarles a permanecer en los Estados Unidos.<\/span><\/li>\n<li style=\"font-weight: 400;\" aria-level=\"1\"><span style=\"font-weight: 400;\"><strong>Naturalizaci\u00f3n y ciudadan\u00eda:<\/strong> Guiamos a nuestros clientes a trav\u00e9s del complejo proceso de convertirse en ciudadano estadounidense, asegur\u00e1ndonos de que cumplen todos los requisitos y est\u00e1n bien preparados para su entrevista y examen de naturalizaci\u00f3n.<\/span><\/li>\n<li style=\"font-weight: 400;\" aria-level=\"1\"><span style=\"font-weight: 400;\"><strong>Acci\u00f3n Diferida para los Llegados en la Infancia (DACA):<\/strong> Ayudamos a las personas elegibles a solicitar o renovar su estatus DACA, lo que les permite seguir viviendo y trabajando en los Estados Unidos sin temor a la deportaci\u00f3n.<\/span><\/li>\n<li style=\"font-weight: 400;\" aria-level=\"1\"><span style=\"font-weight: 400;\"><strong>Exenciones de inadmisibilidad:<\/strong> Nuestro equipo ayuda a los clientes a superar las barreras a sus solicitudes de inmigraci\u00f3n, tales como condenas penales o violaciones de inmigraci\u00f3n anteriores, mediante la preparaci\u00f3n y presentaci\u00f3n de <a href=\"https:\/\/www.oltarsh.com\/es\/practica\/renuncia\/\">exenciones de inadmisibilidad<\/a>.<\/span><\/li>\n<li style=\"font-weight: 400;\" aria-level=\"1\"><span style=\"font-weight: 400;\"><strong>Pr\u00f3rrogas de visado y cambios de situaci\u00f3n:<\/strong> Ayudamos a nuestros clientes a prorrogar sus visados o a cambiar su situaci\u00f3n migratoria, asegur\u00e1ndonos de que mantienen su situaci\u00f3n legal mientras residen en Estados Unidos.<\/span><\/li>\n<li style=\"font-weight: 400;\" aria-level=\"1\"><span style=\"font-weight: 400;\"><strong>Tramitaci\u00f3n consular:<\/strong> Nuestros abogados ayudan a los clientes a navegar por la <a href=\"https:\/\/www.oltarsh.com\/es\/practica\/tramitacion-consular\/\">proceso consular<\/a>Preparar la documentaci\u00f3n necesaria y orientar durante todo el proceso de solicitud de visado en los consulados y embajadas de Estados Unidos en el extranjero.<\/span><\/li>\n<li style=\"font-weight: 400;\" aria-level=\"1\"><span style=\"font-weight: 400;\"><strong>Recursos y mociones:<\/strong> Representamos a clientes en la apelaci\u00f3n de decisiones de inmigraci\u00f3n desfavorables, la presentaci\u00f3n de mociones para reabrir o reconsiderar los casos, y la defensa de los derechos de nuestros clientes en cada etapa del proceso.<\/span><\/li>\n<li style=\"font-weight: 400;\" aria-level=\"1\"><span style=\"font-weight: 400;\"><strong>Cumplimiento y representaci\u00f3n patronal:<\/strong> Orientamos a los empresarios en cuestiones de cumplimiento relacionadas con la inmigraci\u00f3n, asegur\u00e1ndonos de que cumplen todas las leyes y reglamentos pertinentes al contratar a trabajadores extranjeros.<\/span><\/li>\n<li style=\"font-weight: 400;\" aria-level=\"1\"><span style=\"font-weight: 400;\"><strong>Visados temporales:<\/strong> Nuestro equipo ayuda a los clientes a obtener diversos tipos de visados temporales, como visados de turista, estudiante o trabajo, garantizando que puedan entrar y permanecer en los Estados Unidos durante la duraci\u00f3n de su estancia autorizada.<\/span><\/li>\n<\/ol>\n<p><img loading=\"lazy\" decoding=\"async\" class=\"alignnone size-full wp-image-5676\" src=\"https:\/\/www.oltarsh.com\/wp-content\/uploads\/2019\/02\/How-long-does-it-take-to-get-a-Green-Card.jpg\" alt=\"Estados Unidos Tarjeta verde de residente permanente de dv-loter\u00eda se encuentra en la bandera de Estados Unidos con el sobre del Departamento de Seguridad Nacional de cerca\" width=\"1709\" height=\"1132\" srcset=\"https:\/\/www.oltarsh.com\/wp-content\/uploads\/2019\/02\/How-long-does-it-take-to-get-a-Green-Card.jpg 1709w, https:\/\/www.oltarsh.com\/wp-content\/uploads\/2019\/02\/How-long-does-it-take-to-get-a-Green-Card-300x199.jpg 300w, https:\/\/www.oltarsh.com\/wp-content\/uploads\/2019\/02\/How-long-does-it-take-to-get-a-Green-Card-1024x678.jpg 1024w, https:\/\/www.oltarsh.com\/wp-content\/uploads\/2019\/02\/How-long-does-it-take-to-get-a-Green-Card-768x509.jpg 768w, https:\/\/www.oltarsh.com\/wp-content\/uploads\/2019\/02\/How-long-does-it-take-to-get-a-Green-Card-1536x1017.jpg 1536w\" sizes=\"auto, (max-width: 1709px) 100vw, 1709px\" \/><\/p>\n<h2><b>\u00bfPor qu\u00e9 elegir Oltarsh &amp; Associates, P.C.?<\/b><\/h2>\n<p><span style=\"font-weight: 400;\">Nuestra amplia experiencia y pericia en leyes de inmigraci\u00f3n, combinadas con nuestro compromiso de brindar un servicio y representaci\u00f3n personalizados, hacen de Oltarsh &amp; Associates, P.C. la opci\u00f3n ideal para sus necesidades de inmigraci\u00f3n. Entendemos que cada caso es \u00fanico y requiere atenci\u00f3n individual, por lo que trabajamos estrechamente con nuestros clientes para desarrollar estrategias a medida que se alinean con sus objetivos y circunstancias espec\u00edficas.<\/span><\/p>\n<p><span style=\"font-weight: 400;\">En Oltarsh &amp; Associates, P.C., estamos dedicados a ayudar a nuestros clientes a superar los desaf\u00edos que enfrentan en su viaje de inmigraci\u00f3n. Estamos comprometidos a proporcionar servicios legales compasivos, eficaces y asequibles, haciendo que el proceso de inmigraci\u00f3n sea lo m\u00e1s suave y libre de estr\u00e9s posible. Con nuestro equipo de abogados de inmigraci\u00f3n en Manhattan a su lado, usted puede tener confianza en su capacidad para lograr sus objetivos de inmigraci\u00f3n y construir un futuro mejor para usted y su familia en los Estados Unidos.<\/span><\/p>\n<p><span style=\"font-weight: 400;\">No deje que las complejidades del sistema de inmigraci\u00f3n de EE.UU. le disuadan de perseguir sus sue\u00f1os. Deje que Oltarsh &amp; Associates, P.C. le gu\u00ede a trav\u00e9s del proceso con la experiencia y dedicaci\u00f3n que usted se merece. Cont\u00e1ctenos hoy al 212-944-9420 para programar una consulta inicial gratuita y dar el primer paso hacia la obtenci\u00f3n de la representaci\u00f3n legal que necesita para alcanzar sus metas de inmigraci\u00f3n. Esperamos poder servirle y ayudarle a construir un futuro mejor en los Estados Unidos.<\/span><\/p>","protected":false},"excerpt":{"rendered":"<p>Manhattan, the most densely populated borough of New York City, is home to over 1,660,000 people. As a historic gateway for immigrants, Manhattan continues to play an essential role in welcoming new arrivals to the United States. For those seeking legal residency, it is crucial to engage a knowledgeable immigration lawyer in Manhattan to ensure [&hellip;]<\/p>\n","protected":false},"author":1,"featured_media":0,"parent":0,"menu_order":0,"comment_status":"closed","ping_status":"closed","template":"","meta":{"footnotes":""},"class_list":["post-4953","page","type-page","status-publish","hentry"],"yoast_head":"<!-- This site is optimized with the Yoast SEO Premium plugin v27.5 (Yoast SEO v27.5) - https:\/\/yoast.com\/product\/yoast-seo-premium-wordpress\/ -->\n<title>Immigration Lawyer in Manhattan | Oltarsh &amp; Associates<\/title>\n<meta name=\"description\" content=\"Find the best immigration lawyer in Manhattan at Oltarsh &amp; Associates, P.C., providing guidance for visa, Green Card, and family immigration.\" \/>\n<meta name=\"robots\" content=\"index, follow, max-snippet:-1, max-image-preview:large, max-video-preview:-1\" \/>\n<link rel=\"canonical\" href=\"https:\/\/www.oltarsh.com\/es\/abogado-de-inmigracion-en-manhattan\/\" \/>\n<meta property=\"og:locale\" content=\"es_ES\" \/>\n<meta property=\"og:type\" content=\"article\" \/>\n<meta property=\"og:title\" content=\"Immigration Lawyer in Manhattan\" \/>\n<meta property=\"og:description\" content=\"Manhattan, the most densely populated borough of New York City, is home to over 1,660,000 people. As a historic gateway for immigrants, Manhattan\" \/>\n<meta property=\"og:url\" content=\"https:\/\/www.oltarsh.com\/es\/abogado-de-inmigracion-en-manhattan\/\" \/>\n<meta property=\"og:site_name\" content=\"Oltarsh &amp; Associates\" \/>\n<meta property=\"article:publisher\" content=\"https:\/\/www.facebook.com\/Oltarsh\" \/>\n<meta property=\"article:modified_time\" content=\"2023-03-27T15:33:39+00:00\" \/>\n<meta property=\"og:image\" content=\"https:\/\/www.oltarsh.com\/wp-content\/uploads\/2023\/03\/Trusted-Immigration-Lawyer-in-Manhattan.jpeg\" \/>\n<meta name=\"twitter:card\" content=\"summary_large_image\" \/>\n<meta name=\"twitter:label1\" content=\"Est. reading time\" \/>\n\t<meta name=\"twitter:data1\" content=\"5 minutos\" \/>\n<!-- \/ Yoast SEO Premium plugin. -->","yoast_head_json":{"title":"Immigration Lawyer in Manhattan | Oltarsh &amp; Associates","description":"Encuentre el mejor abogado de inmigraci\u00f3n en Manhattan en Oltarsh &amp; Associates, P.C., proporcionando orientaci\u00f3n para la visa, Green Card, y la inmigraci\u00f3n familiar.","robots":{"index":"index","follow":"follow","max-snippet":"max-snippet:-1","max-image-preview":"max-image-preview:large","max-video-preview":"max-video-preview:-1"},"canonical":"https:\/\/www.oltarsh.com\/es\/abogado-de-inmigracion-en-manhattan\/","og_locale":"es_ES","og_type":"article","og_title":"Immigration Lawyer in Manhattan","og_description":"Manhattan, the most densely populated borough of New York City, is home to over 1,660,000 people. As a historic gateway for immigrants, Manhattan","og_url":"https:\/\/www.oltarsh.com\/es\/abogado-de-inmigracion-en-manhattan\/","og_site_name":"Oltarsh &amp; Associates","article_publisher":"https:\/\/www.facebook.com\/Oltarsh","article_modified_time":"2023-03-27T15:33:39+00:00","og_image":[{"url":"https:\/\/www.oltarsh.com\/wp-content\/uploads\/2023\/03\/Trusted-Immigration-Lawyer-in-Manhattan.jpeg","type":"","width":"","height":""}],"twitter_card":"summary_large_image","twitter_misc":{"Est. reading time":"5 minutos"},"schema":{"@context":"https:\/\/schema.org","@graph":[{"@type":"WebPage","@id":"https:\/\/www.oltarsh.com\/manhattan-immigration-lawyer\/","url":"https:\/\/www.oltarsh.com\/manhattan-immigration-lawyer\/","name":"Immigration Lawyer in Manhattan | Oltarsh &amp; Associates","isPartOf":{"@id":"https:\/\/www.oltarsh.com\/#website"},"primaryImageOfPage":{"@id":"https:\/\/www.oltarsh.com\/manhattan-immigration-lawyer\/#primaryimage"},"image":{"@id":"https:\/\/www.oltarsh.com\/manhattan-immigration-lawyer\/#primaryimage"},"thumbnailUrl":"https:\/\/www.oltarsh.com\/wp-content\/uploads\/2023\/03\/Trusted-Immigration-Lawyer-in-Manhattan.jpeg","datePublished":"2019-05-07T15:32:19+00:00","dateModified":"2023-03-27T15:33:39+00:00","description":"Encuentre el mejor abogado de inmigraci\u00f3n en Manhattan en Oltarsh &amp; Associates, P.C., proporcionando orientaci\u00f3n para la visa, Green Card, y la inmigraci\u00f3n familiar.","breadcrumb":{"@id":"https:\/\/www.oltarsh.com\/manhattan-immigration-lawyer\/#breadcrumb"},"inLanguage":"es","potentialAction":[{"@type":"ReadAction","target":["https:\/\/www.oltarsh.com\/manhattan-immigration-lawyer\/"]}]},{"@type":"ImageObject","inLanguage":"es","@id":"https:\/\/www.oltarsh.com\/manhattan-immigration-lawyer\/#primaryimage","url":"https:\/\/www.oltarsh.com\/wp-content\/uploads\/2023\/03\/Trusted-Immigration-Lawyer-in-Manhattan.jpeg","contentUrl":"https:\/\/www.oltarsh.com\/wp-content\/uploads\/2023\/03\/Trusted-Immigration-Lawyer-in-Manhattan.jpeg"},{"@type":"BreadcrumbList","@id":"https:\/\/www.oltarsh.com\/manhattan-immigration-lawyer\/#breadcrumb","itemListElement":[{"@type":"ListItem","position":1,"name":"Home","item":"https:\/\/www.oltarsh.com\/"},{"@type":"ListItem","position":2,"name":"Immigration Lawyer in Manhattan"}]},{"@type":"WebSite","@id":"https:\/\/www.oltarsh.com\/#website","url":"https:\/\/www.oltarsh.com\/","name":"Oltarsh &amp; Associates, P.C.","description":"Su abogado de inmigraci\u00f3n de confianza New York","publisher":{"@id":"https:\/\/www.oltarsh.com\/#organization"},"alternateName":"Oltarsh & Associates","potentialAction":[{"@type":"SearchAction","target":{"@type":"EntryPoint","urlTemplate":"https:\/\/www.oltarsh.com\/?s={search_term_string}"},"query-input":{"@type":"PropertyValueSpecification","valueRequired":true,"valueName":"search_term_string"}}],"inLanguage":"es"},{"@type":"Organization","@id":"https:\/\/www.oltarsh.com\/#organization","name":"Oltarsh &amp; Associates, P.C.","alternateName":"Oltarsh & Associates","url":"https:\/\/www.oltarsh.com\/","logo":{"@type":"ImageObject","inLanguage":"es","@id":"https:\/\/www.oltarsh.com\/#\/schema\/logo\/image\/","url":"https:\/\/www.oltarsh.com\/wp-content\/uploads\/2018\/06\/logo.png","contentUrl":"https:\/\/www.oltarsh.com\/wp-content\/uploads\/2018\/06\/logo.png","width":476,"height":72,"caption":"Oltarsh & Associates, P.C."},"image":{"@id":"https:\/\/www.oltarsh.com\/#\/schema\/logo\/image\/"},"sameAs":["https:\/\/www.facebook.com\/Oltarsh","https:\/\/www.linkedin.com\/company\/oltarsh-and-associates\/"],"description":"Oltarsh &amp; Associates P.C., una de las principales firmas de abogados de inmigraci\u00f3n de EE.UU., cuenta con m\u00e1s de 50 a\u00f1os de servicio sin igual. Prestando servicios en todo el pa\u00eds, manejamos con pericia asuntos complejos de inmigraci\u00f3n, tales como la representaci\u00f3n multifac\u00e9tica de negocios, exenciones, visas de trabajo, residencia permanente, rebasamiento de visas y defensa contra la deportaci\u00f3n. Como renombrados abogados de inmigraci\u00f3n en la ciudad de New York, atendemos diversas necesidades, desde la ley de inmigraci\u00f3n familiar hasta visas de trabajo, solicitudes de tarjeta verde y asistencia para la ciudadan\u00eda. Situado en el centro de Nueva York, nos esforzamos para obtener resultados \u00f3ptimos en la ley de inmigraci\u00f3n de EE.UU.. Si usted est\u00e1 buscando \"los mejores abogados de inmigraci\u00f3n en los EE.UU.\", \"EE.UU. abogado de inmigraci\u00f3n\", o \"abogados de defensa de deportaci\u00f3n\", considere nuestro equipo competente y compasivo.","email":"info@oltarsh.com","telephone":"(212) 944-9420","legalName":"Oltarsh & Associates, P.C.","foundingDate":"2001-01-01","numberOfEmployees":{"@type":"QuantitativeValue","minValue":"11","maxValue":"50"}}]}},"_links":{"self":[{"href":"https:\/\/www.oltarsh.com\/es\/wp-json\/wp\/v2\/pages\/4953","targetHints":{"allow":["GET"]}}],"collection":[{"href":"https:\/\/www.oltarsh.com\/es\/wp-json\/wp\/v2\/pages"}],"about":[{"href":"https:\/\/www.oltarsh.com\/es\/wp-json\/wp\/v2\/types\/page"}],"author":[{"embeddable":true,"href":"https:\/\/www.oltarsh.com\/es\/wp-json\/wp\/v2\/users\/1"}],"replies":[{"embeddable":true,"href":"https:\/\/www.oltarsh.com\/es\/wp-json\/wp\/v2\/comments?post=4953"}],"version-history":[{"count":0,"href":"https:\/\/www.oltarsh.com\/es\/wp-json\/wp\/v2\/pages\/4953\/revisions"}],"wp:attachment":[{"href":"https:\/\/www.oltarsh.com\/es\/wp-json\/wp\/v2\/media?parent=4953"}],"curies":[{"name":"wp","href":"https:\/\/api.w.org\/{rel}","templated":true}]}}